{"id":394,"date":"2020-11-26T13:41:37","date_gmt":"2020-11-26T12:41:37","guid":{"rendered":"https:\/\/www.z-mike.de\/?page_id=394"},"modified":"2020-12-09T10:48:57","modified_gmt":"2020-12-09T09:48:57","slug":"home","status":"publish","type":"page","link":"https:\/\/www.z-mike.de\/en\/","title":{"rendered":"Home"},"content":{"rendered":"\t\t<div data-elementor-type=\"wp-page\" data-elementor-id=\"394\" class=\"elementor elementor-394\" data-elementor-post-type=\"page\">\n\t\t\t\t\t\t<section class=\"elementor-section elementor-top-section elementor-element elementor-element-7226129 elementor-section-height-min-height elementor-section-items-bottom elementor-section-boxed elementor-section-height-default\" data-id=\"7226129\" data-element_type=\"section\" data-settings=\"{&quot;background_background&quot;:&quot;classic&quot;,&quot;background_motion_fx_motion_fx_scrolling&quot;:&quot;yes&quot;,&quot;background_motion_fx_devices&quot;:[&quot;desktop&quot;,&quot;tablet&quot;,&quot;mobile&quot;]}\">\n\t\t\t\t\t\t\t<div class=\"elementor-background-overlay\"><\/div>\n\t\t\t\t\t\t\t<div class=\"elementor-container elementor-column-gap-default\">\n\t\t\t\t\t<div class=\"elementor-column elementor-col-33 elementor-top-column elementor-element elementor-element-f400ce9\" data-id=\"f400ce9\" data-element_type=\"column\">\n\t\t\t<div class=\"elementor-widget-wrap\">\n\t\t\t\t\t\t\t<\/div>\n\t\t<\/div>\n\t\t\t\t<div class=\"elementor-column elementor-col-33 elementor-top-column elementor-element elementor-element-9052ad0\" data-id=\"9052ad0\" data-element_type=\"column\">\n\t\t\t<div class=\"elementor-widget-wrap\">\n\t\t\t\t\t\t\t<\/div>\n\t\t<\/div>\n\t\t\t\t<div class=\"elementor-column elementor-col-33 elementor-top-column elementor-element elementor-element-b0cd30e elementor-hidden-tablet elementor-hidden-phone\" data-id=\"b0cd30e\" data-element_type=\"column\" data-settings=\"{&quot;background_background&quot;:&quot;classic&quot;}\">\n\t\t\t<div class=\"elementor-widget-wrap elementor-element-populated\">\n\t\t\t\t\t\t<div class=\"elementor-element elementor-element-b09f28c elementor-widget elementor-widget-heading\" data-id=\"b09f28c\" data-element_type=\"widget\" data-widget_type=\"heading.default\">\n\t\t\t\t<div class=\"elementor-widget-container\">\n\t\t\t\t\t<h2 class=\"elementor-heading-title elementor-size-xxl\">Absolutely precise.<br>\nAbsolutely Z-Mike.<\/h2>\t\t\t\t<\/div>\n\t\t\t\t<\/div>\n\t\t\t\t\t<\/div>\n\t\t<\/div>\n\t\t\t\t\t<\/div>\n\t\t<\/section>\n\t\t\t\t<section class=\"elementor-section elementor-top-section elementor-element elementor-element-67c80a3 elementor-section-boxed elementor-section-height-default elementor-section-height-default\" data-id=\"67c80a3\" data-element_type=\"section\">\n\t\t\t\t\t\t<div class=\"elementor-container elementor-column-gap-default\">\n\t\t\t\t\t<div class=\"elementor-column elementor-col-50 elementor-top-column elementor-element elementor-element-f2873aa\" data-id=\"f2873aa\" data-element_type=\"column\">\n\t\t\t<div class=\"elementor-widget-wrap elementor-element-populated\">\n\t\t\t\t\t\t<div class=\"elementor-element elementor-element-092233f elementor-widget elementor-widget-heading\" data-id=\"092233f\" data-element_type=\"widget\" data-widget_type=\"heading.default\">\n\t\t\t\t<div class=\"elementor-widget-container\">\n\t\t\t\t\t<h2 class=\"elementor-heading-title elementor-size-default\">Z-Mike Lasermesstechnik <\/h2>\t\t\t\t<\/div>\n\t\t\t\t<\/div>\n\t\t\t\t<div class=\"elementor-element elementor-element-98d773d elementor-widget elementor-widget-text-editor\" data-id=\"98d773d\" data-element_type=\"widget\" data-widget_type=\"text-editor.default\">\n\t\t\t\t<div class=\"elementor-widget-container\">\n\t\t\t\t\t\t\t\t\tThe Z-Mike Lasermesstechnik GmbH, with a Europe-wide presence, stood for competence in precise, non-contact dimensional measurement of rotationally symmetrical workpieces for over 20 years.\t\t\t\t\t\t\t\t<\/div>\n\t\t\t\t<\/div>\n\t\t\t\t\t<\/div>\n\t\t<\/div>\n\t\t\t\t<div class=\"elementor-column elementor-col-50 elementor-top-column elementor-element elementor-element-725943f\" data-id=\"725943f\" data-element_type=\"column\">\n\t\t\t<div class=\"elementor-widget-wrap\">\n\t\t\t\t\t\t\t<\/div>\n\t\t<\/div>\n\t\t\t\t\t<\/div>\n\t\t<\/section>\n\t\t\t\t<section class=\"elementor-section elementor-top-section elementor-element elementor-element-b70df95 elementor-section-full_width elementor-section-height-default elementor-section-height-default\" data-id=\"b70df95\" data-element_type=\"section\">\n\t\t\t\t\t\t<div class=\"elementor-container elementor-column-gap-default\">\n\t\t\t\t\t<div class=\"elementor-column elementor-col-50 elementor-top-column elementor-element elementor-element-a2253ac\" data-id=\"a2253ac\" data-element_type=\"column\" data-settings=\"{&quot;background_background&quot;:&quot;classic&quot;}\">\n\t\t\t<div class=\"elementor-widget-wrap elementor-element-populated\">\n\t\t\t\t\t\t<div class=\"elementor-element elementor-element-8431e51 elementor-widget elementor-widget-spacer\" data-id=\"8431e51\" data-element_type=\"widget\" data-widget_type=\"spacer.default\">\n\t\t\t\t<div class=\"elementor-widget-container\">\n\t\t\t\t\t\t\t<div class=\"elementor-spacer\">\n\t\t\t<div class=\"elementor-spacer-inner\"><\/div>\n\t\t<\/div>\n\t\t\t\t\t\t<\/div>\n\t\t\t\t<\/div>\n\t\t\t\t\t<\/div>\n\t\t<\/div>\n\t\t\t\t<div class=\"elementor-column elementor-col-50 elementor-top-column elementor-element elementor-element-9866139\" data-id=\"9866139\" data-element_type=\"column\" data-settings=\"{&quot;background_background&quot;:&quot;classic&quot;}\">\n\t\t\t<div class=\"elementor-widget-wrap elementor-element-populated\">\n\t\t\t\t\t\t<div class=\"elementor-element elementor-element-97ae07a elementor-widget elementor-widget-heading\" data-id=\"97ae07a\" data-element_type=\"widget\" data-widget_type=\"heading.default\">\n\t\t\t\t<div class=\"elementor-widget-container\">\n\t\t\t\t\t<h2 class=\"elementor-heading-title elementor-size-default\">Uncompromising metrology <\/h2>\t\t\t\t<\/div>\n\t\t\t\t<\/div>\n\t\t\t\t<div class=\"elementor-element elementor-element-cc61709 elementor-widget elementor-widget-text-editor\" data-id=\"cc61709\" data-element_type=\"widget\" data-widget_type=\"text-editor.default\">\n\t\t\t\t<div class=\"elementor-widget-container\">\n\t\t\t\t\t\t\t\t\tLatest technology combined with the proven optical design of Z-Mike Lasermesstechnik GmbH, enable the basic prerequisite for uncompromising measurement technology in a world of ever tighter tolerances.\t\t\t\t\t\t\t\t<\/div>\n\t\t\t\t<\/div>\n\t\t\t\t\t<\/div>\n\t\t<\/div>\n\t\t\t\t\t<\/div>\n\t\t<\/section>\n\t\t\t\t<section class=\"elementor-section elementor-top-section elementor-element elementor-element-a09cbc2 elementor-section-full_width elementor-reverse-mobile elementor-section-height-default elementor-section-height-default\" data-id=\"a09cbc2\" data-element_type=\"section\">\n\t\t\t\t\t\t<div class=\"elementor-container elementor-column-gap-default\">\n\t\t\t\t\t<div class=\"elementor-column elementor-col-50 elementor-top-column elementor-element elementor-element-547ad1e\" data-id=\"547ad1e\" data-element_type=\"column\" data-settings=\"{&quot;background_background&quot;:&quot;classic&quot;}\">\n\t\t\t<div class=\"elementor-widget-wrap elementor-element-populated\">\n\t\t\t\t\t\t<div class=\"elementor-element elementor-element-c72a374 elementor-widget elementor-widget-heading\" data-id=\"c72a374\" data-element_type=\"widget\" data-widget_type=\"heading.default\">\n\t\t\t\t<div class=\"elementor-widget-container\">\n\t\t\t\t\t<h2 class=\"elementor-heading-title elementor-size-default\">The key facts:<\/h2>\t\t\t\t<\/div>\n\t\t\t\t<\/div>\n\t\t\t\t<div class=\"elementor-element elementor-element-2538ac1 elementor-icon-list--layout-traditional elementor-list-item-link-full_width elementor-widget elementor-widget-icon-list\" data-id=\"2538ac1\" data-element_type=\"widget\" data-widget_type=\"icon-list.default\">\n\t\t\t\t<div class=\"elementor-widget-container\">\n\t\t\t\t\t\t\t<ul class=\"elementor-icon-list-items\">\n\t\t\t\t\t\t\t<li class=\"elementor-icon-list-item\">\n\t\t\t\t\t\t\t\t\t\t\t<span class=\"elementor-icon-list-icon\">\n\t\t\t\t\t\t\t<i aria-hidden=\"true\" class=\"fas fa-angle-right\"><\/i>\t\t\t\t\t\t<\/span>\n\t\t\t\t\t\t\t\t\t\t<span class=\"elementor-icon-list-text\">Recalibration not necessary<\/span>\n\t\t\t\t\t\t\t\t\t<\/li>\n\t\t\t\t\t\t\t\t<li class=\"elementor-icon-list-item\">\n\t\t\t\t\t\t\t\t\t\t\t<span class=\"elementor-icon-list-icon\">\n\t\t\t\t\t\t\t<i aria-hidden=\"true\" class=\"fas fa-angle-right\"><\/i>\t\t\t\t\t\t<\/span>\n\t\t\t\t\t\t\t\t\t\t<span class=\"elementor-icon-list-text\">No need to center the object to be measured <\/span>\n\t\t\t\t\t\t\t\t\t<\/li>\n\t\t\t\t\t\t\t\t<li class=\"elementor-icon-list-item\">\n\t\t\t\t\t\t\t\t\t\t\t<span class=\"elementor-icon-list-icon\">\n\t\t\t\t\t\t\t<i aria-hidden=\"true\" class=\"fas fa-angle-right\"><\/i>\t\t\t\t\t\t<\/span>\n\t\t\t\t\t\t\t\t\t\t<span class=\"elementor-icon-list-text\">Measurement precision is not sensitive to surface type (glossy, matt, coloured) or to external straylight <\/span>\n\t\t\t\t\t\t\t\t\t<\/li>\n\t\t\t\t\t\t\t\t<li class=\"elementor-icon-list-item\">\n\t\t\t\t\t\t\t\t\t\t\t<span class=\"elementor-icon-list-icon\">\n\t\t\t\t\t\t\t<i aria-hidden=\"true\" class=\"fas fa-angle-right\"><\/i>\t\t\t\t\t\t<\/span>\n\t\t\t\t\t\t\t\t\t\t<span class=\"elementor-icon-list-text\">Measurements are traceable to national standards <\/span>\n\t\t\t\t\t\t\t\t\t<\/li>\n\t\t\t\t\t\t<\/ul>\n\t\t\t\t\t\t<\/div>\n\t\t\t\t<\/div>\n\t\t\t\t\t<\/div>\n\t\t<\/div>\n\t\t\t\t<div class=\"elementor-column elementor-col-50 elementor-top-column elementor-element elementor-element-4d339e7\" data-id=\"4d339e7\" data-element_type=\"column\" data-settings=\"{&quot;background_background&quot;:&quot;classic&quot;}\">\n\t\t\t<div class=\"elementor-widget-wrap elementor-element-populated\">\n\t\t\t\t\t\t<div class=\"elementor-element elementor-element-136989f elementor-widget elementor-widget-spacer\" data-id=\"136989f\" data-element_type=\"widget\" data-widget_type=\"spacer.default\">\n\t\t\t\t<div class=\"elementor-widget-container\">\n\t\t\t\t\t\t\t<div class=\"elementor-spacer\">\n\t\t\t<div class=\"elementor-spacer-inner\"><\/div>\n\t\t<\/div>\n\t\t\t\t\t\t<\/div>\n\t\t\t\t<\/div>\n\t\t\t\t\t<\/div>\n\t\t<\/div>\n\t\t\t\t\t<\/div>\n\t\t<\/section>\n\t\t\t\t<div class=\"elementor-section elementor-top-section elementor-element elementor-element-5379d794 elementor-section-boxed elementor-section-height-default elementor-section-height-default\" data-id=\"5379d794\" data-element_type=\"section\" data-settings=\"{&quot;background_background&quot;:&quot;classic&quot;}\">\n\t\t\t\t\t\t<div class=\"elementor-container elementor-column-gap-default\">\n\t\t\t\t\t<div class=\"elementor-column elementor-col-100 elementor-top-column elementor-element elementor-element-3f25acea\" data-id=\"3f25acea\" data-element_type=\"column\">\n\t\t\t<div class=\"elementor-widget-wrap elementor-element-populated\">\n\t\t\t\t\t\t<div class=\"elementor-element elementor-element-36c1bcf6 elementor-widget elementor-widget-heading\" data-id=\"36c1bcf6\" data-element_type=\"widget\" data-widget_type=\"heading.default\">\n\t\t\t\t<div class=\"elementor-widget-container\">\n\t\t\t\t\t<h2 class=\"elementor-heading-title elementor-size-default\"><a href=\"https:\/\/www.z-mike.de\/en\/contact\/\">Contact us<\/a><\/h2>\t\t\t\t<\/div>\n\t\t\t\t<\/div>\n\t\t\t\t\t<\/div>\n\t\t<\/div>\n\t\t\t\t\t<\/div>\n\t\t<\/div>\n\t\t\t\t<\/div>\n\t\t","protected":false},"excerpt":{"rendered":"<p>Absolutely precise. Absolutely Z-Mike. Z-Mike Lasermesstechnik The Z-Mike Lasermesstechnik GmbH, with a Europe-wide presence, stood for competence in precise, non-contact dimensional measurement of rotationally symmetrical workpieces for over 20 years. Uncompromising metrology Latest technology combined with the proven optical design of Z-Mike Lasermesstechnik GmbH, enable the basic prerequisite for uncompromising measurement technology in a world [&hellip;]<\/p>\n","protected":false},"author":1,"featured_media":0,"parent":0,"menu_order":0,"comment_status":"closed","ping_status":"closed","template":"","meta":{"footnotes":""},"class_list":["post-394","page","type-page","status-publish","hentry"],"yoast_head":"<!-- This site is optimized with the Yoast SEO plugin v26.4 - https:\/\/yoast.com\/wordpress\/plugins\/seo\/ -->\n<title>Home | Z-Mike Laserme\u00dftechnik GmbH<\/title>\n<meta name=\"description\" content=\"Wir steht seit 20 Jahren f\u00fcr Kompetenz in der pr\u00e4zisen, ber\u00fchrungslosen Dimensionsmessung an rotationssymetrischen Werkst\u00fccken.\" \/>\n<meta name=\"robots\" content=\"index, follow, max-snippet:-1, max-image-preview:large, max-video-preview:-1\" \/>\n<link rel=\"canonical\" href=\"https:\/\/www.z-mike.de\/en\/home\/\" \/>\n<meta property=\"og:locale\" content=\"en_US\" \/>\n<meta property=\"og:type\" content=\"article\" \/>\n<meta property=\"og:title\" content=\"Home | Z-Mike Laserme\u00dftechnik GmbH\" \/>\n<meta property=\"og:description\" content=\"Wir steht seit 20 Jahren f\u00fcr Kompetenz in der pr\u00e4zisen, ber\u00fchrungslosen Dimensionsmessung an rotationssymetrischen Werkst\u00fccken.\" \/>\n<meta property=\"og:url\" content=\"https:\/\/www.z-mike.de\/en\/home\/\" \/>\n<meta property=\"og:site_name\" content=\"Z-Mike Laserme\u00dftechnik GmbH\" \/>\n<meta property=\"article:modified_time\" content=\"2020-12-09T09:48:57+00:00\" \/>\n<meta name=\"twitter:card\" content=\"summary_large_image\" \/>\n<script type=\"application\/ld+json\" class=\"yoast-schema-graph\">{\"@context\":\"https:\/\/schema.org\",\"@graph\":[{\"@type\":\"WebPage\",\"@id\":\"https:\/\/www.z-mike.de\/en\/home\/\",\"url\":\"https:\/\/www.z-mike.de\/en\/home\/\",\"name\":\"Home | Z-Mike Laserme\u00dftechnik GmbH\",\"isPartOf\":{\"@id\":\"https:\/\/www.z-mike.de\/#website\"},\"datePublished\":\"2020-11-26T12:41:37+00:00\",\"dateModified\":\"2020-12-09T09:48:57+00:00\",\"description\":\"Wir steht seit 20 Jahren f\u00fcr Kompetenz in der pr\u00e4zisen, ber\u00fchrungslosen Dimensionsmessung an rotationssymetrischen Werkst\u00fccken.\",\"breadcrumb\":{\"@id\":\"https:\/\/www.z-mike.de\/en\/home\/#breadcrumb\"},\"inLanguage\":\"en-US\",\"potentialAction\":[{\"@type\":\"ReadAction\",\"target\":[\"https:\/\/www.z-mike.de\/en\/home\/\"]}]},{\"@type\":\"BreadcrumbList\",\"@id\":\"https:\/\/www.z-mike.de\/en\/home\/#breadcrumb\",\"itemListElement\":[{\"@type\":\"ListItem\",\"position\":1,\"name\":\"Startseite\",\"item\":\"https:\/\/www.z-mike.de\/en\/home\/\"},{\"@type\":\"ListItem\",\"position\":2,\"name\":\"Home\"}]},{\"@type\":\"WebSite\",\"@id\":\"https:\/\/www.z-mike.de\/#website\",\"url\":\"https:\/\/www.z-mike.de\/\",\"name\":\"Z-Mike Laserme\u00dftechnik GmbH\",\"description\":\"\",\"publisher\":{\"@id\":\"https:\/\/www.z-mike.de\/#organization\"},\"potentialAction\":[{\"@type\":\"SearchAction\",\"target\":{\"@type\":\"EntryPoint\",\"urlTemplate\":\"https:\/\/www.z-mike.de\/?s={search_term_string}\"},\"query-input\":{\"@type\":\"PropertyValueSpecification\",\"valueRequired\":true,\"valueName\":\"search_term_string\"}}],\"inLanguage\":\"en-US\"},{\"@type\":\"Organization\",\"@id\":\"https:\/\/www.z-mike.de\/#organization\",\"name\":\"Z-Mike Laserme\u00dftechnik GmbH\",\"url\":\"https:\/\/www.z-mike.de\/\",\"logo\":{\"@type\":\"ImageObject\",\"inLanguage\":\"en-US\",\"@id\":\"https:\/\/www.z-mike.de\/#\/schema\/logo\/image\/\",\"url\":\"https:\/\/www.z-mike.de\/wp-content\/uploads\/2020\/04\/logo.svg\",\"contentUrl\":\"https:\/\/www.z-mike.de\/wp-content\/uploads\/2020\/04\/logo.svg\",\"width\":1,\"height\":1,\"caption\":\"Z-Mike Laserme\u00dftechnik GmbH\"},\"image\":{\"@id\":\"https:\/\/www.z-mike.de\/#\/schema\/logo\/image\/\"}}]}<\/script>\n<!-- \/ Yoast SEO plugin. -->","yoast_head_json":{"title":"Home | Z-Mike Laserme\u00dftechnik GmbH","description":"Wir steht seit 20 Jahren f\u00fcr Kompetenz in der pr\u00e4zisen, ber\u00fchrungslosen Dimensionsmessung an rotationssymetrischen Werkst\u00fccken.","robots":{"index":"index","follow":"follow","max-snippet":"max-snippet:-1","max-image-preview":"max-image-preview:large","max-video-preview":"max-video-preview:-1"},"canonical":"https:\/\/www.z-mike.de\/en\/home\/","og_locale":"en_US","og_type":"article","og_title":"Home | Z-Mike Laserme\u00dftechnik GmbH","og_description":"Wir steht seit 20 Jahren f\u00fcr Kompetenz in der pr\u00e4zisen, ber\u00fchrungslosen Dimensionsmessung an rotationssymetrischen Werkst\u00fccken.","og_url":"https:\/\/www.z-mike.de\/en\/home\/","og_site_name":"Z-Mike Laserme\u00dftechnik GmbH","article_modified_time":"2020-12-09T09:48:57+00:00","twitter_card":"summary_large_image","schema":{"@context":"https:\/\/schema.org","@graph":[{"@type":"WebPage","@id":"https:\/\/www.z-mike.de\/en\/home\/","url":"https:\/\/www.z-mike.de\/en\/home\/","name":"Home | Z-Mike Laserme\u00dftechnik GmbH","isPartOf":{"@id":"https:\/\/www.z-mike.de\/#website"},"datePublished":"2020-11-26T12:41:37+00:00","dateModified":"2020-12-09T09:48:57+00:00","description":"Wir steht seit 20 Jahren f\u00fcr Kompetenz in der pr\u00e4zisen, ber\u00fchrungslosen Dimensionsmessung an rotationssymetrischen Werkst\u00fccken.","breadcrumb":{"@id":"https:\/\/www.z-mike.de\/en\/home\/#breadcrumb"},"inLanguage":"en-US","potentialAction":[{"@type":"ReadAction","target":["https:\/\/www.z-mike.de\/en\/home\/"]}]},{"@type":"BreadcrumbList","@id":"https:\/\/www.z-mike.de\/en\/home\/#breadcrumb","itemListElement":[{"@type":"ListItem","position":1,"name":"Startseite","item":"https:\/\/www.z-mike.de\/en\/home\/"},{"@type":"ListItem","position":2,"name":"Home"}]},{"@type":"WebSite","@id":"https:\/\/www.z-mike.de\/#website","url":"https:\/\/www.z-mike.de\/","name":"Z-Mike Laserme\u00dftechnik GmbH","description":"","publisher":{"@id":"https:\/\/www.z-mike.de\/#organization"},"potentialAction":[{"@type":"SearchAction","target":{"@type":"EntryPoint","urlTemplate":"https:\/\/www.z-mike.de\/?s={search_term_string}"},"query-input":{"@type":"PropertyValueSpecification","valueRequired":true,"valueName":"search_term_string"}}],"inLanguage":"en-US"},{"@type":"Organization","@id":"https:\/\/www.z-mike.de\/#organization","name":"Z-Mike Laserme\u00dftechnik GmbH","url":"https:\/\/www.z-mike.de\/","logo":{"@type":"ImageObject","inLanguage":"en-US","@id":"https:\/\/www.z-mike.de\/#\/schema\/logo\/image\/","url":"https:\/\/www.z-mike.de\/wp-content\/uploads\/2020\/04\/logo.svg","contentUrl":"https:\/\/www.z-mike.de\/wp-content\/uploads\/2020\/04\/logo.svg","width":1,"height":1,"caption":"Z-Mike Laserme\u00dftechnik GmbH"},"image":{"@id":"https:\/\/www.z-mike.de\/#\/schema\/logo\/image\/"}}]}},"_links":{"self":[{"href":"https:\/\/www.z-mike.de\/en\/wp-json\/wp\/v2\/pages\/394","targetHints":{"allow":["GET"]}}],"collection":[{"href":"https:\/\/www.z-mike.de\/en\/wp-json\/wp\/v2\/pages"}],"about":[{"href":"https:\/\/www.z-mike.de\/en\/wp-json\/wp\/v2\/types\/page"}],"author":[{"embeddable":true,"href":"https:\/\/www.z-mike.de\/en\/wp-json\/wp\/v2\/users\/1"}],"replies":[{"embeddable":true,"href":"https:\/\/www.z-mike.de\/en\/wp-json\/wp\/v2\/comments?post=394"}],"version-history":[{"count":22,"href":"https:\/\/www.z-mike.de\/en\/wp-json\/wp\/v2\/pages\/394\/revisions"}],"predecessor-version":[{"id":754,"href":"https:\/\/www.z-mike.de\/en\/wp-json\/wp\/v2\/pages\/394\/revisions\/754"}],"wp:attachment":[{"href":"https:\/\/www.z-mike.de\/en\/wp-json\/wp\/v2\/media?parent=394"}],"curies":[{"name":"wp","href":"https:\/\/api.w.org\/{rel}","templated":true}]}}