{"id":402,"date":"2020-11-26T13:48:14","date_gmt":"2020-11-26T12:48:14","guid":{"rendered":"https:\/\/www.z-mike.de\/?page_id=402"},"modified":"2020-12-03T08:33:56","modified_gmt":"2020-12-03T07:33:56","slug":"serie-1100","status":"publish","type":"page","link":"https:\/\/www.z-mike.de\/en\/serie-1100\/","title":{"rendered":"Serie 1100"},"content":{"rendered":"\t\t<div data-elementor-type=\"wp-page\" data-elementor-id=\"402\" class=\"elementor elementor-402\" data-elementor-post-type=\"page\">\n\t\t\t\t\t\t<section class=\"elementor-section elementor-top-section elementor-element elementor-element-52d97ef elementor-section-height-min-height elementor-section-items-bottom elementor-section-boxed elementor-section-height-default\" data-id=\"52d97ef\" data-element_type=\"section\" data-settings=\"{&quot;background_background&quot;:&quot;classic&quot;,&quot;background_motion_fx_motion_fx_scrolling&quot;:&quot;yes&quot;,&quot;background_motion_fx_devices&quot;:[&quot;desktop&quot;,&quot;tablet&quot;,&quot;mobile&quot;]}\">\n\t\t\t\t\t\t\t<div class=\"elementor-background-overlay\"><\/div>\n\t\t\t\t\t\t\t<div class=\"elementor-container elementor-column-gap-default\">\n\t\t\t\t\t<div class=\"elementor-column elementor-col-50 elementor-top-column elementor-element elementor-element-9c9f0dc\" data-id=\"9c9f0dc\" data-element_type=\"column\">\n\t\t\t<div class=\"elementor-widget-wrap\">\n\t\t\t\t\t\t\t<\/div>\n\t\t<\/div>\n\t\t\t\t<div class=\"elementor-column elementor-col-50 elementor-top-column elementor-element elementor-element-32aee45\" data-id=\"32aee45\" data-element_type=\"column\">\n\t\t\t<div class=\"elementor-widget-wrap\">\n\t\t\t\t\t\t\t<\/div>\n\t\t<\/div>\n\t\t\t\t\t<\/div>\n\t\t<\/section>\n\t\t\t\t<section class=\"elementor-section elementor-top-section elementor-element elementor-element-4539b5c9 elementor-section-boxed elementor-section-height-default elementor-section-height-default\" data-id=\"4539b5c9\" data-element_type=\"section\">\n\t\t\t\t\t\t<div class=\"elementor-container elementor-column-gap-default\">\n\t\t\t\t\t<div class=\"elementor-column elementor-col-50 elementor-top-column elementor-element elementor-element-4b199a1f\" data-id=\"4b199a1f\" data-element_type=\"column\">\n\t\t\t<div class=\"elementor-widget-wrap elementor-element-populated\">\n\t\t\t\t\t\t<div class=\"elementor-element elementor-element-2084122f elementor-widget elementor-widget-heading\" data-id=\"2084122f\" data-element_type=\"widget\" data-widget_type=\"heading.default\">\n\t\t\t\t<div class=\"elementor-widget-container\">\n\t\t\t\t\t<h2 class=\"elementor-heading-title elementor-size-default\">Series 1100 <\/h2>\t\t\t\t<\/div>\n\t\t\t\t<\/div>\n\t\t\t\t<div class=\"elementor-element elementor-element-37c60706 elementor-widget elementor-widget-text-editor\" data-id=\"37c60706\" data-element_type=\"widget\" data-widget_type=\"text-editor.default\">\n\t\t\t\t<div class=\"elementor-widget-container\">\n\t\t\t\t\t\t\t\t\t<p>In addition to the so-called workbench laser micrometer of the 1200 series, there are the modular laser micrometers of the 1100 series. The use of high-precision parabolic mirrors in the 1100 series ensures an extremely small linearity deviation as well as highest temperature stability over the entire measuring range. The operation is done by a separate controller and is identical to the Series 1200.<\/p>\t\t\t\t\t\t\t\t<\/div>\n\t\t\t\t<\/div>\n\t\t\t\t\t<\/div>\n\t\t<\/div>\n\t\t\t\t<div class=\"elementor-column elementor-col-50 elementor-top-column elementor-element elementor-element-22e9b5ca\" data-id=\"22e9b5ca\" data-element_type=\"column\">\n\t\t\t<div class=\"elementor-widget-wrap elementor-element-populated\">\n\t\t\t\t\t\t<div class=\"elementor-element elementor-element-34f5ce01 elementor-widget elementor-widget-image\" data-id=\"34f5ce01\" data-element_type=\"widget\" data-widget_type=\"image.default\">\n\t\t\t\t<div class=\"elementor-widget-container\">\n\t\t\t\t\t\t\t\t\t\t\t\t\t\t\t\t<a href=\"https:\/\/www.z-mike.de\/wp-content\/uploads\/2020\/11\/z-mike_1100_03.jpg\" data-elementor-open-lightbox=\"yes\" data-elementor-lightbox-title=\"z-mike_1100_03\" data-e-action-hash=\"#elementor-action%3Aaction%3Dlightbox%26settings%3DeyJpZCI6MjY0LCJ1cmwiOiJodHRwczpcL1wvd3d3LnotbWlrZS5kZVwvd3AtY29udGVudFwvdXBsb2Fkc1wvMjAyMFwvMTFcL3otbWlrZV8xMTAwXzAzLmpwZyJ9\">\n\t\t\t\t\t\t\t<img fetchpriority=\"high\" decoding=\"async\" width=\"1200\" height=\"800\" src=\"https:\/\/www.z-mike.de\/wp-content\/uploads\/2020\/11\/z-mike_1100_03.jpg\" class=\"attachment-full size-full wp-image-264\" alt=\"\" srcset=\"https:\/\/www.z-mike.de\/wp-content\/uploads\/2020\/11\/z-mike_1100_03.jpg 1200w, https:\/\/www.z-mike.de\/wp-content\/uploads\/2020\/11\/z-mike_1100_03-300x200.jpg 300w, https:\/\/www.z-mike.de\/wp-content\/uploads\/2020\/11\/z-mike_1100_03-1024x683.jpg 1024w, https:\/\/www.z-mike.de\/wp-content\/uploads\/2020\/11\/z-mike_1100_03-768x512.jpg 768w\" sizes=\"(max-width: 1200px) 100vw, 1200px\" \/>\t\t\t\t\t\t\t\t<\/a>\n\t\t\t\t\t\t\t\t\t\t\t\t\t\t\t<\/div>\n\t\t\t\t<\/div>\n\t\t\t\t\t<\/div>\n\t\t<\/div>\n\t\t\t\t\t<\/div>\n\t\t<\/section>\n\t\t\t\t<section class=\"elementor-section elementor-top-section elementor-element elementor-element-6fb715c elementor-section-boxed elementor-section-height-default elementor-section-height-default\" data-id=\"6fb715c\" data-element_type=\"section\">\n\t\t\t\t\t\t<div class=\"elementor-container elementor-column-gap-default\">\n\t\t\t\t\t<div class=\"elementor-column elementor-col-50 elementor-top-column elementor-element elementor-element-c8202eb\" data-id=\"c8202eb\" data-element_type=\"column\">\n\t\t\t<div class=\"elementor-widget-wrap elementor-element-populated\">\n\t\t\t\t\t\t<div class=\"elementor-element elementor-element-73fbbde elementor-widget elementor-widget-text-editor\" data-id=\"73fbbde\" data-element_type=\"widget\" data-widget_type=\"text-editor.default\">\n\t\t\t\t<div class=\"elementor-widget-container\">\n\t\t\t\t\t\t\t\t\t<table class=\"modell_tab\" border=\"0\" width=\"565\" cellspacing=\"0\" cellpadding=\"3\">\n<tbody>\n<tr align=\"center\" bgcolor=\"#bdc4cb\">\n<td height=\"30\">Model<\/td>\n<td height=\"30\">1104<\/td>\n<td height=\"30\">1104HP<\/td>\n<td height=\"30\">1104C<\/td>\n<\/tr>\n<tr>\n<td class=\"border_gray\" height=\"30\">Measurement range<\/td>\n<td class=\"border_gray\" align=\"center\" height=\"30\">0,3-115 mm<\/td>\n<td class=\"border_gray\" align=\"center\" height=\"30\">0,25-115 mm<\/td>\n<td class=\"border_gray\" align=\"center\" height=\"30\">2-115 mm<\/td>\n<\/tr>\n<tr>\n<td class=\"border_gray\" height=\"30\">MPE\u00a0 *<\/td>\n<td class=\"border_gray\" align=\"center\" height=\"30\">\u00b10,0025mm<\/td>\n<td class=\"border_gray\" align=\"center\" height=\"30\">\u00d80,25-50mm\u00a0 = \u00b10,5 \u00b5m\n\u00d850-100mm\u00a0 = \u00b10,8\u00b5m\n\u00d8100-115mm = \u00b11,2\u00b5m<\/td>\n<td class=\"border_gray\" align=\"center\" height=\"30\">\u00b10,0025 mm<\/td>\n<\/tr>\n<\/tbody>\n<\/table>\t\t\t\t\t\t\t\t<\/div>\n\t\t\t\t<\/div>\n\t\t\t\t\t<\/div>\n\t\t<\/div>\n\t\t\t\t<div class=\"elementor-column elementor-col-50 elementor-top-column elementor-element elementor-element-7f09e4f\" data-id=\"7f09e4f\" data-element_type=\"column\">\n\t\t\t<div class=\"elementor-widget-wrap elementor-element-populated\">\n\t\t\t\t\t\t<div class=\"elementor-element elementor-element-86dde1c elementor-widget elementor-widget-text-editor\" data-id=\"86dde1c\" data-element_type=\"widget\" data-widget_type=\"text-editor.default\">\n\t\t\t\t<div class=\"elementor-widget-container\">\n\t\t\t\t\t\t\t\t\t* MPE = represents the maximum permissible error on the traceable factory calibration, based on 20\u00b0C and 50% relative humidity. The specifications are valid for the entire measuring range and for any point within the measuring range\t\t\t\t\t\t\t\t<\/div>\n\t\t\t\t<\/div>\n\t\t\t\t\t<\/div>\n\t\t<\/div>\n\t\t\t\t\t<\/div>\n\t\t<\/section>\n\t\t\t\t<div class=\"elementor-section elementor-top-section elementor-element elementor-element-67329131 elementor-section-boxed elementor-section-height-default elementor-section-height-default\" data-id=\"67329131\" data-element_type=\"section\" data-settings=\"{&quot;background_background&quot;:&quot;classic&quot;}\">\n\t\t\t\t\t\t<div class=\"elementor-container elementor-column-gap-default\">\n\t\t\t\t\t<div class=\"elementor-column elementor-col-100 elementor-top-column elementor-element elementor-element-95f7a3f\" data-id=\"95f7a3f\" data-element_type=\"column\">\n\t\t\t<div class=\"elementor-widget-wrap elementor-element-populated\">\n\t\t\t\t\t\t<div class=\"elementor-element elementor-element-446fcecd elementor-widget elementor-widget-heading\" data-id=\"446fcecd\" data-element_type=\"widget\" data-widget_type=\"heading.default\">\n\t\t\t\t<div class=\"elementor-widget-container\">\n\t\t\t\t\t<h2 class=\"elementor-heading-title elementor-size-default\"><a href=\"https:\/\/www.z-mike.de\/en\/contact\/\">Contact us<\/a><\/h2>\t\t\t\t<\/div>\n\t\t\t\t<\/div>\n\t\t\t\t\t<\/div>\n\t\t<\/div>\n\t\t\t\t\t<\/div>\n\t\t<\/div>\n\t\t\t\t<\/div>\n\t\t","protected":false},"excerpt":{"rendered":"<p>Series 1100 In addition to the so-called workbench laser micrometer of the 1200 series, there are the modular laser micrometers of the 1100 series. The use of high-precision parabolic mirrors in the 1100 series ensures an extremely small linearity deviation as well as highest temperature stability over the entire measuring range. The operation is done [&hellip;]<\/p>\n","protected":false},"author":1,"featured_media":0,"parent":0,"menu_order":0,"comment_status":"closed","ping_status":"closed","template":"","meta":{"footnotes":""},"class_list":["post-402","page","type-page","status-publish","hentry"],"yoast_head":"<!-- This site is optimized with the Yoast SEO plugin v26.4 - https:\/\/yoast.com\/wordpress\/plugins\/seo\/ -->\n<title>Serie 1100 | Z-Mike Laserme\u00dftechnik GmbH<\/title>\n<meta name=\"description\" content=\"Wir steht seit 20 Jahren f\u00fcr Kompetenz in der pr\u00e4zisen, ber\u00fchrungslosen Dimensionsmessung an rotationssymetrischen Werkst\u00fccken.\" \/>\n<meta name=\"robots\" content=\"index, follow, max-snippet:-1, max-image-preview:large, max-video-preview:-1\" \/>\n<link rel=\"canonical\" href=\"https:\/\/www.z-mike.de\/en\/serie-1100\/\" \/>\n<meta property=\"og:locale\" content=\"en_US\" \/>\n<meta property=\"og:type\" content=\"article\" \/>\n<meta property=\"og:title\" content=\"Serie 1100 | Z-Mike Laserme\u00dftechnik GmbH\" \/>\n<meta property=\"og:description\" content=\"Wir steht seit 20 Jahren f\u00fcr Kompetenz in der pr\u00e4zisen, ber\u00fchrungslosen Dimensionsmessung an rotationssymetrischen Werkst\u00fccken.\" \/>\n<meta property=\"og:url\" content=\"https:\/\/www.z-mike.de\/en\/serie-1100\/\" \/>\n<meta property=\"og:site_name\" content=\"Z-Mike Laserme\u00dftechnik GmbH\" \/>\n<meta property=\"article:modified_time\" content=\"2020-12-03T07:33:56+00:00\" \/>\n<meta property=\"og:image\" content=\"https:\/\/www.z-mike.de\/wp-content\/uploads\/2020\/11\/z-mike_1100_03.jpg\" \/>\n<meta name=\"twitter:card\" content=\"summary_large_image\" \/>\n<meta name=\"twitter:label1\" content=\"Est. reading time\" \/>\n\t<meta name=\"twitter:data1\" content=\"1 minute\" \/>\n<script type=\"application\/ld+json\" class=\"yoast-schema-graph\">{\"@context\":\"https:\/\/schema.org\",\"@graph\":[{\"@type\":\"WebPage\",\"@id\":\"https:\/\/www.z-mike.de\/en\/serie-1100\/\",\"url\":\"https:\/\/www.z-mike.de\/en\/serie-1100\/\",\"name\":\"Serie 1100 | Z-Mike Laserme\u00dftechnik GmbH\",\"isPartOf\":{\"@id\":\"https:\/\/www.z-mike.de\/#website\"},\"primaryImageOfPage\":{\"@id\":\"https:\/\/www.z-mike.de\/en\/serie-1100\/#primaryimage\"},\"image\":{\"@id\":\"https:\/\/www.z-mike.de\/en\/serie-1100\/#primaryimage\"},\"thumbnailUrl\":\"https:\/\/www.z-mike.de\/wp-content\/uploads\/2020\/11\/z-mike_1100_03.jpg\",\"datePublished\":\"2020-11-26T12:48:14+00:00\",\"dateModified\":\"2020-12-03T07:33:56+00:00\",\"description\":\"Wir steht seit 20 Jahren f\u00fcr Kompetenz in der pr\u00e4zisen, ber\u00fchrungslosen Dimensionsmessung an rotationssymetrischen Werkst\u00fccken.\",\"breadcrumb\":{\"@id\":\"https:\/\/www.z-mike.de\/en\/serie-1100\/#breadcrumb\"},\"inLanguage\":\"en-US\",\"potentialAction\":[{\"@type\":\"ReadAction\",\"target\":[\"https:\/\/www.z-mike.de\/en\/serie-1100\/\"]}]},{\"@type\":\"ImageObject\",\"inLanguage\":\"en-US\",\"@id\":\"https:\/\/www.z-mike.de\/en\/serie-1100\/#primaryimage\",\"url\":\"https:\/\/www.z-mike.de\/wp-content\/uploads\/2020\/11\/z-mike_1100_03.jpg\",\"contentUrl\":\"https:\/\/www.z-mike.de\/wp-content\/uploads\/2020\/11\/z-mike_1100_03.jpg\"},{\"@type\":\"BreadcrumbList\",\"@id\":\"https:\/\/www.z-mike.de\/en\/serie-1100\/#breadcrumb\",\"itemListElement\":[{\"@type\":\"ListItem\",\"position\":1,\"name\":\"Startseite\",\"item\":\"https:\/\/www.z-mike.de\/en\/home\/\"},{\"@type\":\"ListItem\",\"position\":2,\"name\":\"Serie 1100\"}]},{\"@type\":\"WebSite\",\"@id\":\"https:\/\/www.z-mike.de\/#website\",\"url\":\"https:\/\/www.z-mike.de\/\",\"name\":\"Z-Mike Laserme\u00dftechnik GmbH\",\"description\":\"\",\"publisher\":{\"@id\":\"https:\/\/www.z-mike.de\/#organization\"},\"potentialAction\":[{\"@type\":\"SearchAction\",\"target\":{\"@type\":\"EntryPoint\",\"urlTemplate\":\"https:\/\/www.z-mike.de\/?s={search_term_string}\"},\"query-input\":{\"@type\":\"PropertyValueSpecification\",\"valueRequired\":true,\"valueName\":\"search_term_string\"}}],\"inLanguage\":\"en-US\"},{\"@type\":\"Organization\",\"@id\":\"https:\/\/www.z-mike.de\/#organization\",\"name\":\"Z-Mike Laserme\u00dftechnik GmbH\",\"url\":\"https:\/\/www.z-mike.de\/\",\"logo\":{\"@type\":\"ImageObject\",\"inLanguage\":\"en-US\",\"@id\":\"https:\/\/www.z-mike.de\/#\/schema\/logo\/image\/\",\"url\":\"https:\/\/www.z-mike.de\/wp-content\/uploads\/2020\/04\/logo.svg\",\"contentUrl\":\"https:\/\/www.z-mike.de\/wp-content\/uploads\/2020\/04\/logo.svg\",\"width\":1,\"height\":1,\"caption\":\"Z-Mike Laserme\u00dftechnik GmbH\"},\"image\":{\"@id\":\"https:\/\/www.z-mike.de\/#\/schema\/logo\/image\/\"}}]}<\/script>\n<!-- \/ Yoast SEO plugin. -->","yoast_head_json":{"title":"Serie 1100 | Z-Mike Laserme\u00dftechnik GmbH","description":"Wir steht seit 20 Jahren f\u00fcr Kompetenz in der pr\u00e4zisen, ber\u00fchrungslosen Dimensionsmessung an rotationssymetrischen Werkst\u00fccken.","robots":{"index":"index","follow":"follow","max-snippet":"max-snippet:-1","max-image-preview":"max-image-preview:large","max-video-preview":"max-video-preview:-1"},"canonical":"https:\/\/www.z-mike.de\/en\/serie-1100\/","og_locale":"en_US","og_type":"article","og_title":"Serie 1100 | Z-Mike Laserme\u00dftechnik GmbH","og_description":"Wir steht seit 20 Jahren f\u00fcr Kompetenz in der pr\u00e4zisen, ber\u00fchrungslosen Dimensionsmessung an rotationssymetrischen Werkst\u00fccken.","og_url":"https:\/\/www.z-mike.de\/en\/serie-1100\/","og_site_name":"Z-Mike Laserme\u00dftechnik GmbH","article_modified_time":"2020-12-03T07:33:56+00:00","og_image":[{"url":"https:\/\/www.z-mike.de\/wp-content\/uploads\/2020\/11\/z-mike_1100_03.jpg","type":"","width":"","height":""}],"twitter_card":"summary_large_image","twitter_misc":{"Est. reading time":"1 minute"},"schema":{"@context":"https:\/\/schema.org","@graph":[{"@type":"WebPage","@id":"https:\/\/www.z-mike.de\/en\/serie-1100\/","url":"https:\/\/www.z-mike.de\/en\/serie-1100\/","name":"Serie 1100 | Z-Mike Laserme\u00dftechnik GmbH","isPartOf":{"@id":"https:\/\/www.z-mike.de\/#website"},"primaryImageOfPage":{"@id":"https:\/\/www.z-mike.de\/en\/serie-1100\/#primaryimage"},"image":{"@id":"https:\/\/www.z-mike.de\/en\/serie-1100\/#primaryimage"},"thumbnailUrl":"https:\/\/www.z-mike.de\/wp-content\/uploads\/2020\/11\/z-mike_1100_03.jpg","datePublished":"2020-11-26T12:48:14+00:00","dateModified":"2020-12-03T07:33:56+00:00","description":"Wir steht seit 20 Jahren f\u00fcr Kompetenz in der pr\u00e4zisen, ber\u00fchrungslosen Dimensionsmessung an rotationssymetrischen Werkst\u00fccken.","breadcrumb":{"@id":"https:\/\/www.z-mike.de\/en\/serie-1100\/#breadcrumb"},"inLanguage":"en-US","potentialAction":[{"@type":"ReadAction","target":["https:\/\/www.z-mike.de\/en\/serie-1100\/"]}]},{"@type":"ImageObject","inLanguage":"en-US","@id":"https:\/\/www.z-mike.de\/en\/serie-1100\/#primaryimage","url":"https:\/\/www.z-mike.de\/wp-content\/uploads\/2020\/11\/z-mike_1100_03.jpg","contentUrl":"https:\/\/www.z-mike.de\/wp-content\/uploads\/2020\/11\/z-mike_1100_03.jpg"},{"@type":"BreadcrumbList","@id":"https:\/\/www.z-mike.de\/en\/serie-1100\/#breadcrumb","itemListElement":[{"@type":"ListItem","position":1,"name":"Startseite","item":"https:\/\/www.z-mike.de\/en\/home\/"},{"@type":"ListItem","position":2,"name":"Serie 1100"}]},{"@type":"WebSite","@id":"https:\/\/www.z-mike.de\/#website","url":"https:\/\/www.z-mike.de\/","name":"Z-Mike Laserme\u00dftechnik GmbH","description":"","publisher":{"@id":"https:\/\/www.z-mike.de\/#organization"},"potentialAction":[{"@type":"SearchAction","target":{"@type":"EntryPoint","urlTemplate":"https:\/\/www.z-mike.de\/?s={search_term_string}"},"query-input":{"@type":"PropertyValueSpecification","valueRequired":true,"valueName":"search_term_string"}}],"inLanguage":"en-US"},{"@type":"Organization","@id":"https:\/\/www.z-mike.de\/#organization","name":"Z-Mike Laserme\u00dftechnik GmbH","url":"https:\/\/www.z-mike.de\/","logo":{"@type":"ImageObject","inLanguage":"en-US","@id":"https:\/\/www.z-mike.de\/#\/schema\/logo\/image\/","url":"https:\/\/www.z-mike.de\/wp-content\/uploads\/2020\/04\/logo.svg","contentUrl":"https:\/\/www.z-mike.de\/wp-content\/uploads\/2020\/04\/logo.svg","width":1,"height":1,"caption":"Z-Mike Laserme\u00dftechnik GmbH"},"image":{"@id":"https:\/\/www.z-mike.de\/#\/schema\/logo\/image\/"}}]}},"_links":{"self":[{"href":"https:\/\/www.z-mike.de\/en\/wp-json\/wp\/v2\/pages\/402","targetHints":{"allow":["GET"]}}],"collection":[{"href":"https:\/\/www.z-mike.de\/en\/wp-json\/wp\/v2\/pages"}],"about":[{"href":"https:\/\/www.z-mike.de\/en\/wp-json\/wp\/v2\/types\/page"}],"author":[{"embeddable":true,"href":"https:\/\/www.z-mike.de\/en\/wp-json\/wp\/v2\/users\/1"}],"replies":[{"embeddable":true,"href":"https:\/\/www.z-mike.de\/en\/wp-json\/wp\/v2\/comments?post=402"}],"version-history":[{"count":13,"href":"https:\/\/www.z-mike.de\/en\/wp-json\/wp\/v2\/pages\/402\/revisions"}],"predecessor-version":[{"id":722,"href":"https:\/\/www.z-mike.de\/en\/wp-json\/wp\/v2\/pages\/402\/revisions\/722"}],"wp:attachment":[{"href":"https:\/\/www.z-mike.de\/en\/wp-json\/wp\/v2\/media?parent=402"}],"curies":[{"name":"wp","href":"https:\/\/api.w.org\/{rel}","templated":true}]}}