{"id":417,"date":"2020-11-26T13:56:05","date_gmt":"2020-11-26T12:56:05","guid":{"rendered":"https:\/\/www.z-mike.de\/?page_id=417"},"modified":"2020-12-03T08:35:11","modified_gmt":"2020-12-03T07:35:11","slug":"service","status":"publish","type":"page","link":"https:\/\/www.z-mike.de\/en\/service\/","title":{"rendered":"Service"},"content":{"rendered":"\t\t<div data-elementor-type=\"wp-page\" data-elementor-id=\"417\" class=\"elementor elementor-417\" data-elementor-post-type=\"page\">\n\t\t\t\t\t\t<section class=\"elementor-section elementor-top-section elementor-element elementor-element-bd1a782 elementor-section-height-min-height elementor-section-items-bottom elementor-section-boxed elementor-section-height-default\" data-id=\"bd1a782\" data-element_type=\"section\" data-settings=\"{&quot;background_background&quot;:&quot;classic&quot;,&quot;background_motion_fx_motion_fx_scrolling&quot;:&quot;yes&quot;,&quot;background_motion_fx_devices&quot;:[&quot;desktop&quot;,&quot;tablet&quot;,&quot;mobile&quot;]}\">\n\t\t\t\t\t\t\t<div class=\"elementor-background-overlay\"><\/div>\n\t\t\t\t\t\t\t<div class=\"elementor-container elementor-column-gap-default\">\n\t\t\t\t\t<div class=\"elementor-column elementor-col-50 elementor-top-column elementor-element elementor-element-2693b317\" data-id=\"2693b317\" data-element_type=\"column\">\n\t\t\t<div class=\"elementor-widget-wrap\">\n\t\t\t\t\t\t\t<\/div>\n\t\t<\/div>\n\t\t\t\t<div class=\"elementor-column elementor-col-50 elementor-top-column elementor-element elementor-element-4b646827\" data-id=\"4b646827\" data-element_type=\"column\">\n\t\t\t<div class=\"elementor-widget-wrap\">\n\t\t\t\t\t\t\t<\/div>\n\t\t<\/div>\n\t\t\t\t\t<\/div>\n\t\t<\/section>\n\t\t\t\t<section class=\"elementor-section elementor-top-section elementor-element elementor-element-27df77cd elementor-section-boxed elementor-section-height-default elementor-section-height-default\" data-id=\"27df77cd\" data-element_type=\"section\">\n\t\t\t\t\t\t<div class=\"elementor-container elementor-column-gap-default\">\n\t\t\t\t\t<div class=\"elementor-column elementor-col-50 elementor-top-column elementor-element elementor-element-45ed44a2\" data-id=\"45ed44a2\" data-element_type=\"column\">\n\t\t\t<div class=\"elementor-widget-wrap elementor-element-populated\">\n\t\t\t\t\t\t<div class=\"elementor-element elementor-element-328e608 elementor-widget elementor-widget-heading\" data-id=\"328e608\" data-element_type=\"widget\" data-widget_type=\"heading.default\">\n\t\t\t\t<div class=\"elementor-widget-container\">\n\t\t\t\t\t<h2 class=\"elementor-heading-title elementor-size-default\">Z-Mike service<\/h2>\t\t\t\t<\/div>\n\t\t\t\t<\/div>\n\t\t\t\t<div class=\"elementor-element elementor-element-a53bc7a elementor-widget elementor-widget-text-editor\" data-id=\"a53bc7a\" data-element_type=\"widget\" data-widget_type=\"text-editor.default\">\n\t\t\t\t<div class=\"elementor-widget-container\">\n\t\t\t\t\t\t\t\t\t<p>You will receive qualified and authorized service from our specially trained product specialists. Whether in our house or at your location. We ensure an optimal and long-term use of your laser micrometer.<\/p><p>Spare parts are available from stock, so lead times of approx. 4-5 working days are the rule.<\/p>\t\t\t\t\t\t\t\t<\/div>\n\t\t\t\t<\/div>\n\t\t\t\t\t<\/div>\n\t\t<\/div>\n\t\t\t\t<div class=\"elementor-column elementor-col-50 elementor-top-column elementor-element elementor-element-13ef5f66\" data-id=\"13ef5f66\" data-element_type=\"column\">\n\t\t\t<div class=\"elementor-widget-wrap elementor-element-populated\">\n\t\t\t\t\t\t<div class=\"elementor-element elementor-element-d579656 elementor-widget elementor-widget-image\" data-id=\"d579656\" data-element_type=\"widget\" data-widget_type=\"image.default\">\n\t\t\t\t<div class=\"elementor-widget-container\">\n\t\t\t\t\t\t\t\t\t\t\t\t\t\t\t<img fetchpriority=\"high\" decoding=\"async\" width=\"1200\" height=\"800\" src=\"https:\/\/www.z-mike.de\/wp-content\/uploads\/2020\/09\/2020-02-28_z-mike27.jpg\" class=\"attachment-full size-full wp-image-213\" alt=\"\" srcset=\"https:\/\/www.z-mike.de\/wp-content\/uploads\/2020\/09\/2020-02-28_z-mike27.jpg 1200w, https:\/\/www.z-mike.de\/wp-content\/uploads\/2020\/09\/2020-02-28_z-mike27-300x200.jpg 300w, https:\/\/www.z-mike.de\/wp-content\/uploads\/2020\/09\/2020-02-28_z-mike27-1024x683.jpg 1024w, https:\/\/www.z-mike.de\/wp-content\/uploads\/2020\/09\/2020-02-28_z-mike27-768x512.jpg 768w\" sizes=\"(max-width: 1200px) 100vw, 1200px\" \/>\t\t\t\t\t\t\t\t\t\t\t\t\t\t\t<\/div>\n\t\t\t\t<\/div>\n\t\t\t\t\t<\/div>\n\t\t<\/div>\n\t\t\t\t\t<\/div>\n\t\t<\/section>\n\t\t\t\t<div class=\"elementor-section elementor-top-section elementor-element elementor-element-709ad05d elementor-section-boxed elementor-section-height-default elementor-section-height-default\" data-id=\"709ad05d\" data-element_type=\"section\" data-settings=\"{&quot;background_background&quot;:&quot;classic&quot;}\">\n\t\t\t\t\t\t<div class=\"elementor-container elementor-column-gap-default\">\n\t\t\t\t\t<div class=\"elementor-column elementor-col-100 elementor-top-column elementor-element elementor-element-6af5899a\" data-id=\"6af5899a\" data-element_type=\"column\">\n\t\t\t<div class=\"elementor-widget-wrap elementor-element-populated\">\n\t\t\t\t\t\t<div class=\"elementor-element elementor-element-7e9b4584 elementor-widget elementor-widget-heading\" data-id=\"7e9b4584\" data-element_type=\"widget\" data-widget_type=\"heading.default\">\n\t\t\t\t<div class=\"elementor-widget-container\">\n\t\t\t\t\t<h2 class=\"elementor-heading-title elementor-size-default\"><a href=\"https:\/\/www.z-mike.de\/en\/contact\/\">Contact us<\/a><\/h2>\t\t\t\t<\/div>\n\t\t\t\t<\/div>\n\t\t\t\t\t<\/div>\n\t\t<\/div>\n\t\t\t\t\t<\/div>\n\t\t<\/div>\n\t\t\t\t<\/div>\n\t\t","protected":false},"excerpt":{"rendered":"<p>Z-Mike service You will receive qualified and authorized service from our specially trained product specialists. Whether in our house or at your location. We ensure an optimal and long-term use of your laser micrometer. Spare parts are available from stock, so lead times of approx. 4-5 working days are the rule. Contact us<\/p>\n","protected":false},"author":1,"featured_media":0,"parent":0,"menu_order":0,"comment_status":"closed","ping_status":"closed","template":"","meta":{"footnotes":""},"class_list":["post-417","page","type-page","status-publish","hentry"],"yoast_head":"<!-- This site is optimized with the Yoast SEO plugin v26.4 - https:\/\/yoast.com\/wordpress\/plugins\/seo\/ -->\n<title>Service | Z-Mike Laserme\u00dftechnik GmbH<\/title>\n<meta name=\"description\" content=\"Wir steht seit 20 Jahren f\u00fcr Kompetenz in der pr\u00e4zisen, ber\u00fchrungslosen Dimensionsmessung an rotationssymetrischen Werkst\u00fccken.\" \/>\n<meta name=\"robots\" content=\"index, follow, max-snippet:-1, max-image-preview:large, max-video-preview:-1\" \/>\n<link rel=\"canonical\" href=\"https:\/\/www.z-mike.de\/en\/service\/\" \/>\n<meta property=\"og:locale\" content=\"en_US\" \/>\n<meta property=\"og:type\" content=\"article\" \/>\n<meta property=\"og:title\" content=\"Service | Z-Mike Laserme\u00dftechnik GmbH\" \/>\n<meta property=\"og:description\" content=\"Wir steht seit 20 Jahren f\u00fcr Kompetenz in der pr\u00e4zisen, ber\u00fchrungslosen Dimensionsmessung an rotationssymetrischen Werkst\u00fccken.\" \/>\n<meta property=\"og:url\" content=\"https:\/\/www.z-mike.de\/en\/service\/\" \/>\n<meta property=\"og:site_name\" content=\"Z-Mike Laserme\u00dftechnik GmbH\" \/>\n<meta property=\"article:modified_time\" content=\"2020-12-03T07:35:11+00:00\" \/>\n<meta property=\"og:image\" content=\"https:\/\/www.z-mike.de\/wp-content\/uploads\/2020\/09\/2020-02-28_z-mike27.jpg\" \/>\n<meta name=\"twitter:card\" content=\"summary_large_image\" \/>\n<script type=\"application\/ld+json\" class=\"yoast-schema-graph\">{\"@context\":\"https:\/\/schema.org\",\"@graph\":[{\"@type\":\"WebPage\",\"@id\":\"https:\/\/www.z-mike.de\/en\/service\/\",\"url\":\"https:\/\/www.z-mike.de\/en\/service\/\",\"name\":\"Service | Z-Mike Laserme\u00dftechnik GmbH\",\"isPartOf\":{\"@id\":\"https:\/\/www.z-mike.de\/#website\"},\"primaryImageOfPage\":{\"@id\":\"https:\/\/www.z-mike.de\/en\/service\/#primaryimage\"},\"image\":{\"@id\":\"https:\/\/www.z-mike.de\/en\/service\/#primaryimage\"},\"thumbnailUrl\":\"https:\/\/www.z-mike.de\/wp-content\/uploads\/2020\/09\/2020-02-28_z-mike27.jpg\",\"datePublished\":\"2020-11-26T12:56:05+00:00\",\"dateModified\":\"2020-12-03T07:35:11+00:00\",\"description\":\"Wir steht seit 20 Jahren f\u00fcr Kompetenz in der pr\u00e4zisen, ber\u00fchrungslosen Dimensionsmessung an rotationssymetrischen Werkst\u00fccken.\",\"breadcrumb\":{\"@id\":\"https:\/\/www.z-mike.de\/en\/service\/#breadcrumb\"},\"inLanguage\":\"en-US\",\"potentialAction\":[{\"@type\":\"ReadAction\",\"target\":[\"https:\/\/www.z-mike.de\/en\/service\/\"]}]},{\"@type\":\"ImageObject\",\"inLanguage\":\"en-US\",\"@id\":\"https:\/\/www.z-mike.de\/en\/service\/#primaryimage\",\"url\":\"https:\/\/www.z-mike.de\/wp-content\/uploads\/2020\/09\/2020-02-28_z-mike27.jpg\",\"contentUrl\":\"https:\/\/www.z-mike.de\/wp-content\/uploads\/2020\/09\/2020-02-28_z-mike27.jpg\"},{\"@type\":\"BreadcrumbList\",\"@id\":\"https:\/\/www.z-mike.de\/en\/service\/#breadcrumb\",\"itemListElement\":[{\"@type\":\"ListItem\",\"position\":1,\"name\":\"Startseite\",\"item\":\"https:\/\/www.z-mike.de\/en\/home\/\"},{\"@type\":\"ListItem\",\"position\":2,\"name\":\"Service\"}]},{\"@type\":\"WebSite\",\"@id\":\"https:\/\/www.z-mike.de\/#website\",\"url\":\"https:\/\/www.z-mike.de\/\",\"name\":\"Z-Mike Laserme\u00dftechnik GmbH\",\"description\":\"\",\"publisher\":{\"@id\":\"https:\/\/www.z-mike.de\/#organization\"},\"potentialAction\":[{\"@type\":\"SearchAction\",\"target\":{\"@type\":\"EntryPoint\",\"urlTemplate\":\"https:\/\/www.z-mike.de\/?s={search_term_string}\"},\"query-input\":{\"@type\":\"PropertyValueSpecification\",\"valueRequired\":true,\"valueName\":\"search_term_string\"}}],\"inLanguage\":\"en-US\"},{\"@type\":\"Organization\",\"@id\":\"https:\/\/www.z-mike.de\/#organization\",\"name\":\"Z-Mike Laserme\u00dftechnik GmbH\",\"url\":\"https:\/\/www.z-mike.de\/\",\"logo\":{\"@type\":\"ImageObject\",\"inLanguage\":\"en-US\",\"@id\":\"https:\/\/www.z-mike.de\/#\/schema\/logo\/image\/\",\"url\":\"https:\/\/www.z-mike.de\/wp-content\/uploads\/2020\/04\/logo.svg\",\"contentUrl\":\"https:\/\/www.z-mike.de\/wp-content\/uploads\/2020\/04\/logo.svg\",\"width\":1,\"height\":1,\"caption\":\"Z-Mike Laserme\u00dftechnik GmbH\"},\"image\":{\"@id\":\"https:\/\/www.z-mike.de\/#\/schema\/logo\/image\/\"}}]}<\/script>\n<!-- \/ Yoast SEO plugin. -->","yoast_head_json":{"title":"Service | Z-Mike Laserme\u00dftechnik GmbH","description":"Wir steht seit 20 Jahren f\u00fcr Kompetenz in der pr\u00e4zisen, ber\u00fchrungslosen Dimensionsmessung an rotationssymetrischen Werkst\u00fccken.","robots":{"index":"index","follow":"follow","max-snippet":"max-snippet:-1","max-image-preview":"max-image-preview:large","max-video-preview":"max-video-preview:-1"},"canonical":"https:\/\/www.z-mike.de\/en\/service\/","og_locale":"en_US","og_type":"article","og_title":"Service | Z-Mike Laserme\u00dftechnik GmbH","og_description":"Wir steht seit 20 Jahren f\u00fcr Kompetenz in der pr\u00e4zisen, ber\u00fchrungslosen Dimensionsmessung an rotationssymetrischen Werkst\u00fccken.","og_url":"https:\/\/www.z-mike.de\/en\/service\/","og_site_name":"Z-Mike Laserme\u00dftechnik GmbH","article_modified_time":"2020-12-03T07:35:11+00:00","og_image":[{"url":"https:\/\/www.z-mike.de\/wp-content\/uploads\/2020\/09\/2020-02-28_z-mike27.jpg","type":"","width":"","height":""}],"twitter_card":"summary_large_image","schema":{"@context":"https:\/\/schema.org","@graph":[{"@type":"WebPage","@id":"https:\/\/www.z-mike.de\/en\/service\/","url":"https:\/\/www.z-mike.de\/en\/service\/","name":"Service | Z-Mike Laserme\u00dftechnik GmbH","isPartOf":{"@id":"https:\/\/www.z-mike.de\/#website"},"primaryImageOfPage":{"@id":"https:\/\/www.z-mike.de\/en\/service\/#primaryimage"},"image":{"@id":"https:\/\/www.z-mike.de\/en\/service\/#primaryimage"},"thumbnailUrl":"https:\/\/www.z-mike.de\/wp-content\/uploads\/2020\/09\/2020-02-28_z-mike27.jpg","datePublished":"2020-11-26T12:56:05+00:00","dateModified":"2020-12-03T07:35:11+00:00","description":"Wir steht seit 20 Jahren f\u00fcr Kompetenz in der pr\u00e4zisen, ber\u00fchrungslosen Dimensionsmessung an rotationssymetrischen Werkst\u00fccken.","breadcrumb":{"@id":"https:\/\/www.z-mike.de\/en\/service\/#breadcrumb"},"inLanguage":"en-US","potentialAction":[{"@type":"ReadAction","target":["https:\/\/www.z-mike.de\/en\/service\/"]}]},{"@type":"ImageObject","inLanguage":"en-US","@id":"https:\/\/www.z-mike.de\/en\/service\/#primaryimage","url":"https:\/\/www.z-mike.de\/wp-content\/uploads\/2020\/09\/2020-02-28_z-mike27.jpg","contentUrl":"https:\/\/www.z-mike.de\/wp-content\/uploads\/2020\/09\/2020-02-28_z-mike27.jpg"},{"@type":"BreadcrumbList","@id":"https:\/\/www.z-mike.de\/en\/service\/#breadcrumb","itemListElement":[{"@type":"ListItem","position":1,"name":"Startseite","item":"https:\/\/www.z-mike.de\/en\/home\/"},{"@type":"ListItem","position":2,"name":"Service"}]},{"@type":"WebSite","@id":"https:\/\/www.z-mike.de\/#website","url":"https:\/\/www.z-mike.de\/","name":"Z-Mike Laserme\u00dftechnik GmbH","description":"","publisher":{"@id":"https:\/\/www.z-mike.de\/#organization"},"potentialAction":[{"@type":"SearchAction","target":{"@type":"EntryPoint","urlTemplate":"https:\/\/www.z-mike.de\/?s={search_term_string}"},"query-input":{"@type":"PropertyValueSpecification","valueRequired":true,"valueName":"search_term_string"}}],"inLanguage":"en-US"},{"@type":"Organization","@id":"https:\/\/www.z-mike.de\/#organization","name":"Z-Mike Laserme\u00dftechnik GmbH","url":"https:\/\/www.z-mike.de\/","logo":{"@type":"ImageObject","inLanguage":"en-US","@id":"https:\/\/www.z-mike.de\/#\/schema\/logo\/image\/","url":"https:\/\/www.z-mike.de\/wp-content\/uploads\/2020\/04\/logo.svg","contentUrl":"https:\/\/www.z-mike.de\/wp-content\/uploads\/2020\/04\/logo.svg","width":1,"height":1,"caption":"Z-Mike Laserme\u00dftechnik GmbH"},"image":{"@id":"https:\/\/www.z-mike.de\/#\/schema\/logo\/image\/"}}]}},"_links":{"self":[{"href":"https:\/\/www.z-mike.de\/en\/wp-json\/wp\/v2\/pages\/417","targetHints":{"allow":["GET"]}}],"collection":[{"href":"https:\/\/www.z-mike.de\/en\/wp-json\/wp\/v2\/pages"}],"about":[{"href":"https:\/\/www.z-mike.de\/en\/wp-json\/wp\/v2\/types\/page"}],"author":[{"embeddable":true,"href":"https:\/\/www.z-mike.de\/en\/wp-json\/wp\/v2\/users\/1"}],"replies":[{"embeddable":true,"href":"https:\/\/www.z-mike.de\/en\/wp-json\/wp\/v2\/comments?post=417"}],"version-history":[{"count":13,"href":"https:\/\/www.z-mike.de\/en\/wp-json\/wp\/v2\/pages\/417\/revisions"}],"predecessor-version":[{"id":734,"href":"https:\/\/www.z-mike.de\/en\/wp-json\/wp\/v2\/pages\/417\/revisions\/734"}],"wp:attachment":[{"href":"https:\/\/www.z-mike.de\/en\/wp-json\/wp\/v2\/media?parent=417"}],"curies":[{"name":"wp","href":"https:\/\/api.w.org\/{rel}","templated":true}]}}