{"id":427,"date":"2020-11-26T13:59:43","date_gmt":"2020-11-26T12:59:43","guid":{"rendered":"https:\/\/www.z-mike.de\/?page_id=427"},"modified":"2020-12-03T08:28:21","modified_gmt":"2020-12-03T07:28:21","slug":"contact","status":"publish","type":"page","link":"https:\/\/www.z-mike.de\/en\/contact\/","title":{"rendered":"Contact"},"content":{"rendered":"\t\t<div data-elementor-type=\"wp-page\" data-elementor-id=\"427\" class=\"elementor elementor-427\" data-elementor-post-type=\"page\">\n\t\t\t\t\t\t<section class=\"elementor-section elementor-top-section elementor-element elementor-element-6468aa86 elementor-section-height-min-height elementor-section-items-bottom elementor-section-boxed elementor-section-height-default\" data-id=\"6468aa86\" data-element_type=\"section\" data-settings=\"{&quot;background_background&quot;:&quot;classic&quot;,&quot;background_motion_fx_motion_fx_scrolling&quot;:&quot;yes&quot;,&quot;background_motion_fx_devices&quot;:[&quot;desktop&quot;,&quot;tablet&quot;,&quot;mobile&quot;]}\">\n\t\t\t\t\t\t\t<div class=\"elementor-background-overlay\"><\/div>\n\t\t\t\t\t\t\t<div class=\"elementor-container elementor-column-gap-default\">\n\t\t\t\t\t<div class=\"elementor-column elementor-col-50 elementor-top-column elementor-element elementor-element-1a17073c\" data-id=\"1a17073c\" data-element_type=\"column\">\n\t\t\t<div class=\"elementor-widget-wrap\">\n\t\t\t\t\t\t\t<\/div>\n\t\t<\/div>\n\t\t\t\t<div class=\"elementor-column elementor-col-50 elementor-top-column elementor-element elementor-element-2f40edfc\" data-id=\"2f40edfc\" data-element_type=\"column\">\n\t\t\t<div class=\"elementor-widget-wrap\">\n\t\t\t\t\t\t\t<\/div>\n\t\t<\/div>\n\t\t\t\t\t<\/div>\n\t\t<\/section>\n\t\t\t\t<section class=\"elementor-section elementor-top-section elementor-element elementor-element-4fd2ea9f elementor-section-boxed elementor-section-height-default elementor-section-height-default\" data-id=\"4fd2ea9f\" data-element_type=\"section\">\n\t\t\t\t\t\t<div class=\"elementor-container elementor-column-gap-default\">\n\t\t\t\t\t<div class=\"elementor-column elementor-col-100 elementor-top-column elementor-element elementor-element-3d76f9e\" data-id=\"3d76f9e\" data-element_type=\"column\">\n\t\t\t<div class=\"elementor-widget-wrap elementor-element-populated\">\n\t\t\t\t\t\t<div class=\"elementor-element elementor-element-1aed0cdf elementor-widget elementor-widget-heading\" data-id=\"1aed0cdf\" data-element_type=\"widget\" data-widget_type=\"heading.default\">\n\t\t\t\t<div class=\"elementor-widget-container\">\n\t\t\t\t\t<h2 class=\"elementor-heading-title elementor-size-default\">Z-Mike Lasermesstechnik GmbH<\/h2>\t\t\t\t<\/div>\n\t\t\t\t<\/div>\n\t\t\t\t<div class=\"elementor-element elementor-element-1b9b478d elementor-widget elementor-widget-text-editor\" data-id=\"1b9b478d\" data-element_type=\"widget\" data-widget_type=\"text-editor.default\">\n\t\t\t\t<div class=\"elementor-widget-container\">\n\t\t\t\t\t\t\t\t\t<p>Give us the chance to show you what we can do with a demo on your site.<\/p><p><strong>Z-Mike Laserme\u00dftechnik GmbH<\/strong><br \/>Steinsch\u00f6nauer Str. 4c<br \/>D-64823 Gross-Umstadt<br \/>Tel.: +49-6078-93 57-0<br \/>Fax: +49-6078-93 57-49<br \/>Mail: info@z-mike.de<\/p>\t\t\t\t\t\t\t\t<\/div>\n\t\t\t\t<\/div>\n\t\t\t\t\t<\/div>\n\t\t<\/div>\n\t\t\t\t\t<\/div>\n\t\t<\/section>\n\t\t\t\t<section class=\"elementor-section elementor-top-section elementor-element elementor-element-26d2a0d elementor-section-full_width elementor-section-height-min-height elementor-section-height-default elementor-section-items-middle\" data-id=\"26d2a0d\" data-element_type=\"section\">\n\t\t\t\t\t\t<div class=\"elementor-container elementor-column-gap-default\">\n\t\t\t\t\t<div class=\"elementor-column elementor-col-100 elementor-top-column elementor-element elementor-element-c68967d\" data-id=\"c68967d\" data-element_type=\"column\">\n\t\t\t<div class=\"elementor-widget-wrap elementor-element-populated\">\n\t\t\t\t\t\t<div class=\"elementor-element elementor-element-420c56d elementor-widget elementor-widget-google_maps\" data-id=\"420c56d\" data-element_type=\"widget\" data-widget_type=\"google_maps.default\">\n\t\t\t\t<div class=\"elementor-widget-container\">\n\t\t\t\t\t\t\t<div class=\"elementor-custom-embed\">\n\t\t\t <div class=\"brlbs-cmpnt-container brlbs-cmpnt-content-blocker brlbs-cmpnt-with-individual-styles\" data-borlabs-cookie-content-blocker-id=\"default\" data-borlabs-cookie-content=\"PGlmcmFtZSBsb2FkaW5nPSJsYXp5IgoJCQkJCXNyYz0iaHR0cHM6Ly9tYXBzLmdvb2dsZS5jb20vbWFwcz9xPVN0ZWluc2NoJUMzJUI2bmF1ZXIlMjBTdHIuJTIwNGMlMjA2NDgyMyUyMEdybyVDMyU5Ri1VbXN0YWR0JiMwMzg7dD1tJiMwMzg7ej05JiMwMzg7b3V0cHV0PWVtYmVkJiMwMzg7aXdsb2M9bmVhciIKCQkJCQl0aXRsZT0iU3RlaW5zY2jDtm5hdWVyIFN0ci4gNGMgNjQ4MjMgR3Jvw58tVW1zdGFkdCIKCQkJCQlhcmlhLWxhYmVsPSJTdGVpbnNjaMO2bmF1ZXIgU3RyLiA0YyA2NDgyMyBHcm\/Dny1VbXN0YWR0IgoJCQk+PC9pZnJhbWU+\"><div class=\"brlbs-cmpnt-cb-preset-a\"> <p class=\"brlbs-cmpnt-cb-description\">You are currently viewing a placeholder content from <strong>Default<\/strong>. To access the actual content, click the button below. Please note that doing so will share data with third-party providers.<\/p> <div class=\"brlbs-cmpnt-cb-buttons\"> <a class=\"brlbs-cmpnt-cb-btn\" href=\"#\" data-borlabs-cookie-unblock role=\"button\">Unblock content<\/a> <a class=\"brlbs-cmpnt-cb-btn\" href=\"#\" data-borlabs-cookie-accept-service role=\"button\" style=\"display: none\">Accept required service and unblock content<\/a> <\/div> <a class=\"brlbs-cmpnt-cb-provider-toggle\" href=\"#\" data-borlabs-cookie-show-provider-information role=\"button\">More Information<\/a> <\/div><\/div>\n\t\t<\/div>\n\t\t\t\t\t\t<\/div>\n\t\t\t\t<\/div>\n\t\t\t\t\t<\/div>\n\t\t<\/div>\n\t\t\t\t\t<\/div>\n\t\t<\/section>\n\t\t\t\t<div class=\"elementor-section elementor-top-section elementor-element elementor-element-3cce21a elementor-section-boxed elementor-section-height-default elementor-section-height-default\" data-id=\"3cce21a\" data-element_type=\"section\" data-settings=\"{&quot;background_background&quot;:&quot;classic&quot;}\">\n\t\t\t\t\t\t<div class=\"elementor-container elementor-column-gap-default\">\n\t\t\t\t\t<div class=\"elementor-column elementor-col-100 elementor-top-column elementor-element elementor-element-228ea0b3\" data-id=\"228ea0b3\" data-element_type=\"column\">\n\t\t\t<div class=\"elementor-widget-wrap elementor-element-populated\">\n\t\t\t\t\t\t<div class=\"elementor-element elementor-element-627a76d elementor-widget elementor-widget-heading\" data-id=\"627a76d\" data-element_type=\"widget\" data-widget_type=\"heading.default\">\n\t\t\t\t<div class=\"elementor-widget-container\">\n\t\t\t\t\t<h2 class=\"elementor-heading-title elementor-size-default\"><a href=\"https:\/\/www.z-mike.de\/en\/contact\/\">Contact us<\/a><\/h2>\t\t\t\t<\/div>\n\t\t\t\t<\/div>\n\t\t\t\t\t<\/div>\n\t\t<\/div>\n\t\t\t\t\t<\/div>\n\t\t<\/div>\n\t\t\t\t<\/div>\n\t\t","protected":false},"excerpt":{"rendered":"<p>Z-Mike Lasermesstechnik GmbH Give us the chance to show you what we can do with a demo on your site. Z-Mike Laserme\u00dftechnik GmbHSteinsch\u00f6nauer Str. 4cD-64823 Gross-UmstadtTel.: +49-6078-93 57-0Fax: +49-6078-93 57-49Mail: info@z-mike.de You are currently viewing a placeholder content from Default. To access the actual content, click the button below. Please note that doing so will [&hellip;]<\/p>\n","protected":false},"author":1,"featured_media":0,"parent":0,"menu_order":0,"comment_status":"closed","ping_status":"closed","template":"","meta":{"footnotes":""},"class_list":["post-427","page","type-page","status-publish","hentry"],"yoast_head":"<!-- This site is optimized with the Yoast SEO plugin v26.4 - https:\/\/yoast.com\/wordpress\/plugins\/seo\/ -->\n<title>Contact | Z-Mike Laserme\u00dftechnik GmbH<\/title>\n<meta name=\"description\" content=\"Wir steht seit 20 Jahren f\u00fcr Kompetenz in der pr\u00e4zisen, ber\u00fchrungslosen Dimensionsmessung an rotationssymetrischen Werkst\u00fccken.\" \/>\n<meta name=\"robots\" content=\"index, follow, max-snippet:-1, max-image-preview:large, max-video-preview:-1\" \/>\n<link rel=\"canonical\" href=\"https:\/\/www.z-mike.de\/en\/contact\/\" \/>\n<meta property=\"og:locale\" content=\"en_US\" \/>\n<meta property=\"og:type\" content=\"article\" \/>\n<meta property=\"og:title\" content=\"Contact | Z-Mike Laserme\u00dftechnik GmbH\" \/>\n<meta property=\"og:description\" content=\"Wir steht seit 20 Jahren f\u00fcr Kompetenz in der pr\u00e4zisen, ber\u00fchrungslosen Dimensionsmessung an rotationssymetrischen Werkst\u00fccken.\" \/>\n<meta property=\"og:url\" content=\"https:\/\/www.z-mike.de\/en\/contact\/\" \/>\n<meta property=\"og:site_name\" content=\"Z-Mike Laserme\u00dftechnik GmbH\" \/>\n<meta property=\"article:modified_time\" content=\"2020-12-03T07:28:21+00:00\" \/>\n<meta name=\"twitter:card\" content=\"summary_large_image\" \/>\n<script type=\"application\/ld+json\" class=\"yoast-schema-graph\">{\"@context\":\"https:\/\/schema.org\",\"@graph\":[{\"@type\":\"WebPage\",\"@id\":\"https:\/\/www.z-mike.de\/en\/contact\/\",\"url\":\"https:\/\/www.z-mike.de\/en\/contact\/\",\"name\":\"Contact | Z-Mike Laserme\u00dftechnik GmbH\",\"isPartOf\":{\"@id\":\"https:\/\/www.z-mike.de\/#website\"},\"datePublished\":\"2020-11-26T12:59:43+00:00\",\"dateModified\":\"2020-12-03T07:28:21+00:00\",\"description\":\"Wir steht seit 20 Jahren f\u00fcr Kompetenz in der pr\u00e4zisen, ber\u00fchrungslosen Dimensionsmessung an rotationssymetrischen Werkst\u00fccken.\",\"breadcrumb\":{\"@id\":\"https:\/\/www.z-mike.de\/en\/contact\/#breadcrumb\"},\"inLanguage\":\"en-US\",\"potentialAction\":[{\"@type\":\"ReadAction\",\"target\":[\"https:\/\/www.z-mike.de\/en\/contact\/\"]}]},{\"@type\":\"BreadcrumbList\",\"@id\":\"https:\/\/www.z-mike.de\/en\/contact\/#breadcrumb\",\"itemListElement\":[{\"@type\":\"ListItem\",\"position\":1,\"name\":\"Startseite\",\"item\":\"https:\/\/www.z-mike.de\/en\/home\/\"},{\"@type\":\"ListItem\",\"position\":2,\"name\":\"Contact\"}]},{\"@type\":\"WebSite\",\"@id\":\"https:\/\/www.z-mike.de\/#website\",\"url\":\"https:\/\/www.z-mike.de\/\",\"name\":\"Z-Mike Laserme\u00dftechnik GmbH\",\"description\":\"\",\"publisher\":{\"@id\":\"https:\/\/www.z-mike.de\/#organization\"},\"potentialAction\":[{\"@type\":\"SearchAction\",\"target\":{\"@type\":\"EntryPoint\",\"urlTemplate\":\"https:\/\/www.z-mike.de\/?s={search_term_string}\"},\"query-input\":{\"@type\":\"PropertyValueSpecification\",\"valueRequired\":true,\"valueName\":\"search_term_string\"}}],\"inLanguage\":\"en-US\"},{\"@type\":\"Organization\",\"@id\":\"https:\/\/www.z-mike.de\/#organization\",\"name\":\"Z-Mike Laserme\u00dftechnik GmbH\",\"url\":\"https:\/\/www.z-mike.de\/\",\"logo\":{\"@type\":\"ImageObject\",\"inLanguage\":\"en-US\",\"@id\":\"https:\/\/www.z-mike.de\/#\/schema\/logo\/image\/\",\"url\":\"https:\/\/www.z-mike.de\/wp-content\/uploads\/2020\/04\/logo.svg\",\"contentUrl\":\"https:\/\/www.z-mike.de\/wp-content\/uploads\/2020\/04\/logo.svg\",\"width\":1,\"height\":1,\"caption\":\"Z-Mike Laserme\u00dftechnik GmbH\"},\"image\":{\"@id\":\"https:\/\/www.z-mike.de\/#\/schema\/logo\/image\/\"}}]}<\/script>\n<!-- \/ Yoast SEO plugin. -->","yoast_head_json":{"title":"Contact | Z-Mike Laserme\u00dftechnik GmbH","description":"Wir steht seit 20 Jahren f\u00fcr Kompetenz in der pr\u00e4zisen, ber\u00fchrungslosen Dimensionsmessung an rotationssymetrischen Werkst\u00fccken.","robots":{"index":"index","follow":"follow","max-snippet":"max-snippet:-1","max-image-preview":"max-image-preview:large","max-video-preview":"max-video-preview:-1"},"canonical":"https:\/\/www.z-mike.de\/en\/contact\/","og_locale":"en_US","og_type":"article","og_title":"Contact | Z-Mike Laserme\u00dftechnik GmbH","og_description":"Wir steht seit 20 Jahren f\u00fcr Kompetenz in der pr\u00e4zisen, ber\u00fchrungslosen Dimensionsmessung an rotationssymetrischen Werkst\u00fccken.","og_url":"https:\/\/www.z-mike.de\/en\/contact\/","og_site_name":"Z-Mike Laserme\u00dftechnik GmbH","article_modified_time":"2020-12-03T07:28:21+00:00","twitter_card":"summary_large_image","schema":{"@context":"https:\/\/schema.org","@graph":[{"@type":"WebPage","@id":"https:\/\/www.z-mike.de\/en\/contact\/","url":"https:\/\/www.z-mike.de\/en\/contact\/","name":"Contact | Z-Mike Laserme\u00dftechnik GmbH","isPartOf":{"@id":"https:\/\/www.z-mike.de\/#website"},"datePublished":"2020-11-26T12:59:43+00:00","dateModified":"2020-12-03T07:28:21+00:00","description":"Wir steht seit 20 Jahren f\u00fcr Kompetenz in der pr\u00e4zisen, ber\u00fchrungslosen Dimensionsmessung an rotationssymetrischen Werkst\u00fccken.","breadcrumb":{"@id":"https:\/\/www.z-mike.de\/en\/contact\/#breadcrumb"},"inLanguage":"en-US","potentialAction":[{"@type":"ReadAction","target":["https:\/\/www.z-mike.de\/en\/contact\/"]}]},{"@type":"BreadcrumbList","@id":"https:\/\/www.z-mike.de\/en\/contact\/#breadcrumb","itemListElement":[{"@type":"ListItem","position":1,"name":"Startseite","item":"https:\/\/www.z-mike.de\/en\/home\/"},{"@type":"ListItem","position":2,"name":"Contact"}]},{"@type":"WebSite","@id":"https:\/\/www.z-mike.de\/#website","url":"https:\/\/www.z-mike.de\/","name":"Z-Mike Laserme\u00dftechnik GmbH","description":"","publisher":{"@id":"https:\/\/www.z-mike.de\/#organization"},"potentialAction":[{"@type":"SearchAction","target":{"@type":"EntryPoint","urlTemplate":"https:\/\/www.z-mike.de\/?s={search_term_string}"},"query-input":{"@type":"PropertyValueSpecification","valueRequired":true,"valueName":"search_term_string"}}],"inLanguage":"en-US"},{"@type":"Organization","@id":"https:\/\/www.z-mike.de\/#organization","name":"Z-Mike Laserme\u00dftechnik GmbH","url":"https:\/\/www.z-mike.de\/","logo":{"@type":"ImageObject","inLanguage":"en-US","@id":"https:\/\/www.z-mike.de\/#\/schema\/logo\/image\/","url":"https:\/\/www.z-mike.de\/wp-content\/uploads\/2020\/04\/logo.svg","contentUrl":"https:\/\/www.z-mike.de\/wp-content\/uploads\/2020\/04\/logo.svg","width":1,"height":1,"caption":"Z-Mike Laserme\u00dftechnik GmbH"},"image":{"@id":"https:\/\/www.z-mike.de\/#\/schema\/logo\/image\/"}}]}},"_links":{"self":[{"href":"https:\/\/www.z-mike.de\/en\/wp-json\/wp\/v2\/pages\/427","targetHints":{"allow":["GET"]}}],"collection":[{"href":"https:\/\/www.z-mike.de\/en\/wp-json\/wp\/v2\/pages"}],"about":[{"href":"https:\/\/www.z-mike.de\/en\/wp-json\/wp\/v2\/types\/page"}],"author":[{"embeddable":true,"href":"https:\/\/www.z-mike.de\/en\/wp-json\/wp\/v2\/users\/1"}],"replies":[{"embeddable":true,"href":"https:\/\/www.z-mike.de\/en\/wp-json\/wp\/v2\/comments?post=427"}],"version-history":[{"count":19,"href":"https:\/\/www.z-mike.de\/en\/wp-json\/wp\/v2\/pages\/427\/revisions"}],"predecessor-version":[{"id":701,"href":"https:\/\/www.z-mike.de\/en\/wp-json\/wp\/v2\/pages\/427\/revisions\/701"}],"wp:attachment":[{"href":"https:\/\/www.z-mike.de\/en\/wp-json\/wp\/v2\/media?parent=427"}],"curies":[{"name":"wp","href":"https:\/\/api.w.org\/{rel}","templated":true}]}}