{"id":452,"date":"2020-11-26T14:11:06","date_gmt":"2020-11-26T13:11:06","guid":{"rendered":"https:\/\/www.z-mike.de\/?page_id=452"},"modified":"2020-12-03T08:33:15","modified_gmt":"2020-12-03T07:33:15","slug":"products","status":"publish","type":"page","link":"https:\/\/www.z-mike.de\/en\/products\/","title":{"rendered":"Products"},"content":{"rendered":"\t\t<div data-elementor-type=\"wp-page\" data-elementor-id=\"452\" class=\"elementor elementor-452\" data-elementor-post-type=\"page\">\n\t\t\t\t\t\t<section class=\"elementor-section elementor-top-section elementor-element elementor-element-6a467bca elementor-section-height-min-height elementor-section-items-bottom elementor-section-boxed elementor-section-height-default\" data-id=\"6a467bca\" data-element_type=\"section\" data-settings=\"{&quot;background_background&quot;:&quot;classic&quot;,&quot;background_motion_fx_motion_fx_scrolling&quot;:&quot;yes&quot;,&quot;background_motion_fx_devices&quot;:[&quot;desktop&quot;,&quot;tablet&quot;,&quot;mobile&quot;]}\">\n\t\t\t\t\t\t\t<div class=\"elementor-background-overlay\"><\/div>\n\t\t\t\t\t\t\t<div class=\"elementor-container elementor-column-gap-default\">\n\t\t\t\t\t<div class=\"elementor-column elementor-col-50 elementor-top-column elementor-element elementor-element-5cbe4561\" data-id=\"5cbe4561\" data-element_type=\"column\">\n\t\t\t<div class=\"elementor-widget-wrap\">\n\t\t\t\t\t\t\t<\/div>\n\t\t<\/div>\n\t\t\t\t<div class=\"elementor-column elementor-col-50 elementor-top-column elementor-element elementor-element-11e43f1a\" data-id=\"11e43f1a\" data-element_type=\"column\">\n\t\t\t<div class=\"elementor-widget-wrap\">\n\t\t\t\t\t\t\t<\/div>\n\t\t<\/div>\n\t\t\t\t\t<\/div>\n\t\t<\/section>\n\t\t\t\t<section class=\"elementor-section elementor-top-section elementor-element elementor-element-fab09da elementor-section-boxed elementor-section-height-default elementor-section-height-default\" data-id=\"fab09da\" data-element_type=\"section\">\n\t\t\t\t\t\t<div class=\"elementor-container elementor-column-gap-default\">\n\t\t\t\t\t<div class=\"elementor-column elementor-col-50 elementor-top-column elementor-element elementor-element-44f8d66c\" data-id=\"44f8d66c\" data-element_type=\"column\">\n\t\t\t<div class=\"elementor-widget-wrap elementor-element-populated\">\n\t\t\t\t\t\t<div class=\"elementor-element elementor-element-2963e66b elementor-widget elementor-widget-heading\" data-id=\"2963e66b\" data-element_type=\"widget\" data-widget_type=\"heading.default\">\n\t\t\t\t<div class=\"elementor-widget-container\">\n\t\t\t\t\t<h2 class=\"elementor-heading-title elementor-size-default\">Our products<\/h2>\t\t\t\t<\/div>\n\t\t\t\t<\/div>\n\t\t\t\t<div class=\"elementor-element elementor-element-5147ca71 elementor-widget elementor-widget-text-editor\" data-id=\"5147ca71\" data-element_type=\"widget\" data-widget_type=\"text-editor.default\">\n\t\t\t\t<div class=\"elementor-widget-container\">\n\t\t\t\t\t\t\t\t\tThe Z-Mike Lasermesstechnik GmbH, with a Europe-wide presence, stood for competence in precise, non-contact dimensional measurement of rotationally symmetrical workpieces for over 20 years.\t\t\t\t\t\t\t\t<\/div>\n\t\t\t\t<\/div>\n\t\t\t\t\t<\/div>\n\t\t<\/div>\n\t\t\t\t<div class=\"elementor-column elementor-col-50 elementor-top-column elementor-element elementor-element-5da0514f\" data-id=\"5da0514f\" data-element_type=\"column\">\n\t\t\t<div class=\"elementor-widget-wrap\">\n\t\t\t\t\t\t\t<\/div>\n\t\t<\/div>\n\t\t\t\t\t<\/div>\n\t\t<\/section>\n\t\t\t\t<section class=\"elementor-section elementor-top-section elementor-element elementor-element-39e6784 elementor-section-full_width elementor-section-height-default elementor-section-height-default\" data-id=\"39e6784\" data-element_type=\"section\">\n\t\t\t\t\t\t<div class=\"elementor-container elementor-column-gap-default\">\n\t\t\t\t\t<div class=\"elementor-column elementor-col-50 elementor-top-column elementor-element elementor-element-8dba2e4\" data-id=\"8dba2e4\" data-element_type=\"column\" data-settings=\"{&quot;background_background&quot;:&quot;classic&quot;}\">\n\t\t\t<div class=\"elementor-widget-wrap elementor-element-populated\">\n\t\t\t\t\t\t<div class=\"elementor-element elementor-element-02b0296 elementor-widget elementor-widget-spacer\" data-id=\"02b0296\" data-element_type=\"widget\" data-widget_type=\"spacer.default\">\n\t\t\t\t<div class=\"elementor-widget-container\">\n\t\t\t\t\t\t\t<div class=\"elementor-spacer\">\n\t\t\t<div class=\"elementor-spacer-inner\"><\/div>\n\t\t<\/div>\n\t\t\t\t\t\t<\/div>\n\t\t\t\t<\/div>\n\t\t\t\t\t<\/div>\n\t\t<\/div>\n\t\t\t\t<div class=\"elementor-column elementor-col-50 elementor-top-column elementor-element elementor-element-0f05d04\" data-id=\"0f05d04\" data-element_type=\"column\" data-settings=\"{&quot;background_background&quot;:&quot;classic&quot;}\">\n\t\t\t<div class=\"elementor-widget-wrap elementor-element-populated\">\n\t\t\t\t\t\t<div class=\"elementor-element elementor-element-8d10895 elementor-widget elementor-widget-heading\" data-id=\"8d10895\" data-element_type=\"widget\" data-widget_type=\"heading.default\">\n\t\t\t\t<div class=\"elementor-widget-container\">\n\t\t\t\t\t<h2 class=\"elementor-heading-title elementor-size-default\">Serie 1200<\/h2>\t\t\t\t<\/div>\n\t\t\t\t<\/div>\n\t\t\t\t<div class=\"elementor-element elementor-element-9b089a2 elementor-widget elementor-widget-text-editor\" data-id=\"9b089a2\" data-element_type=\"widget\" data-widget_type=\"text-editor.default\">\n\t\t\t\t<div class=\"elementor-widget-container\">\n\t\t\t\t\t\t\t\t\tThe 1200 series represents the classic laser micrometer with the precision of a fine measuring room, suitable for the production area.\nWith measuring ranges up to 50 mm, this laser micrometer covers a wide range of products.\nIts range of application extends from the measuring pin via the precision shaft to the PCD tool.\n\t\t\t\t\t\t\t\t<\/div>\n\t\t\t\t<\/div>\n\t\t\t\t<div class=\"elementor-element elementor-element-088ca79 elementor-align-center elementor-widget elementor-widget-button\" data-id=\"088ca79\" data-element_type=\"widget\" data-widget_type=\"button.default\">\n\t\t\t\t<div class=\"elementor-widget-container\">\n\t\t\t\t\t\t\t\t\t<div class=\"elementor-button-wrapper\">\n\t\t\t\t\t<a class=\"elementor-button elementor-button-link elementor-size-md\" href=\"https:\/\/www.z-mike.de\/en\/serie-1200\/\">\n\t\t\t\t\t\t<span class=\"elementor-button-content-wrapper\">\n\t\t\t\t\t\t\t\t\t<span class=\"elementor-button-text\">Read more<\/span>\n\t\t\t\t\t<\/span>\n\t\t\t\t\t<\/a>\n\t\t\t\t<\/div>\n\t\t\t\t\t\t\t\t<\/div>\n\t\t\t\t<\/div>\n\t\t\t\t\t<\/div>\n\t\t<\/div>\n\t\t\t\t\t<\/div>\n\t\t<\/section>\n\t\t\t\t<section class=\"elementor-section elementor-top-section elementor-element elementor-element-ba34990 elementor-section-full_width elementor-section-height-default elementor-section-height-default\" data-id=\"ba34990\" data-element_type=\"section\">\n\t\t\t\t\t\t<div class=\"elementor-container elementor-column-gap-default\">\n\t\t\t\t\t<div class=\"elementor-column elementor-col-50 elementor-top-column elementor-element elementor-element-ef491a0\" data-id=\"ef491a0\" data-element_type=\"column\" data-settings=\"{&quot;background_background&quot;:&quot;classic&quot;}\">\n\t\t\t<div class=\"elementor-widget-wrap elementor-element-populated\">\n\t\t\t\t\t\t<div class=\"elementor-element elementor-element-fb7b578 elementor-widget elementor-widget-spacer\" data-id=\"fb7b578\" data-element_type=\"widget\" data-widget_type=\"spacer.default\">\n\t\t\t\t<div class=\"elementor-widget-container\">\n\t\t\t\t\t\t\t<div class=\"elementor-spacer\">\n\t\t\t<div class=\"elementor-spacer-inner\"><\/div>\n\t\t<\/div>\n\t\t\t\t\t\t<\/div>\n\t\t\t\t<\/div>\n\t\t\t\t\t<\/div>\n\t\t<\/div>\n\t\t\t\t<div class=\"elementor-column elementor-col-50 elementor-top-column elementor-element elementor-element-b4e0824\" data-id=\"b4e0824\" data-element_type=\"column\" data-settings=\"{&quot;background_background&quot;:&quot;classic&quot;}\">\n\t\t\t<div class=\"elementor-widget-wrap elementor-element-populated\">\n\t\t\t\t\t\t<div class=\"elementor-element elementor-element-c615baa elementor-widget elementor-widget-heading\" data-id=\"c615baa\" data-element_type=\"widget\" data-widget_type=\"heading.default\">\n\t\t\t\t<div class=\"elementor-widget-container\">\n\t\t\t\t\t<h2 class=\"elementor-heading-title elementor-size-default\">Serie 1100<\/h2>\t\t\t\t<\/div>\n\t\t\t\t<\/div>\n\t\t\t\t<div class=\"elementor-element elementor-element-66de807 elementor-widget elementor-widget-text-editor\" data-id=\"66de807\" data-element_type=\"widget\" data-widget_type=\"text-editor.default\">\n\t\t\t\t<div class=\"elementor-widget-container\">\n\t\t\t\t\t\t\t\t\tIn addition to the so-called workbench laser micrometer of the 1200 series, there are the modular laser micrometers of the 1100 series. The use of high-precision parabolic mirrors in the 1100 series ensures an extremely small linearity deviation as well as highest temperature stability over the entire measuring range. The operation is done by a separate controller and is identical to the Series 1200.\t\t\t\t\t\t\t\t<\/div>\n\t\t\t\t<\/div>\n\t\t\t\t<div class=\"elementor-element elementor-element-12dc946 elementor-align-center elementor-widget elementor-widget-button\" data-id=\"12dc946\" data-element_type=\"widget\" data-widget_type=\"button.default\">\n\t\t\t\t<div class=\"elementor-widget-container\">\n\t\t\t\t\t\t\t\t\t<div class=\"elementor-button-wrapper\">\n\t\t\t\t\t<a class=\"elementor-button elementor-button-link elementor-size-md\" href=\"https:\/\/www.z-mike.de\/en\/serie-1100\/\">\n\t\t\t\t\t\t<span class=\"elementor-button-content-wrapper\">\n\t\t\t\t\t\t\t\t\t<span class=\"elementor-button-text\">Read more<\/span>\n\t\t\t\t\t<\/span>\n\t\t\t\t\t<\/a>\n\t\t\t\t<\/div>\n\t\t\t\t\t\t\t\t<\/div>\n\t\t\t\t<\/div>\n\t\t\t\t\t<\/div>\n\t\t<\/div>\n\t\t\t\t\t<\/div>\n\t\t<\/section>\n\t\t\t\t<div class=\"elementor-section elementor-top-section elementor-element elementor-element-4d939b3c elementor-section-boxed elementor-section-height-default elementor-section-height-default\" data-id=\"4d939b3c\" data-element_type=\"section\" data-settings=\"{&quot;background_background&quot;:&quot;classic&quot;}\">\n\t\t\t\t\t\t<div class=\"elementor-container elementor-column-gap-default\">\n\t\t\t\t\t<div class=\"elementor-column elementor-col-100 elementor-top-column elementor-element elementor-element-3ea8fc47\" data-id=\"3ea8fc47\" data-element_type=\"column\">\n\t\t\t<div class=\"elementor-widget-wrap elementor-element-populated\">\n\t\t\t\t\t\t<div class=\"elementor-element elementor-element-872f534 elementor-widget elementor-widget-heading\" data-id=\"872f534\" data-element_type=\"widget\" data-widget_type=\"heading.default\">\n\t\t\t\t<div class=\"elementor-widget-container\">\n\t\t\t\t\t<h2 class=\"elementor-heading-title elementor-size-default\"><a href=\"https:\/\/www.z-mike.de\/en\/contact\/\">Contact us<\/a><\/h2>\t\t\t\t<\/div>\n\t\t\t\t<\/div>\n\t\t\t\t\t<\/div>\n\t\t<\/div>\n\t\t\t\t\t<\/div>\n\t\t<\/div>\n\t\t\t\t<\/div>\n\t\t","protected":false},"excerpt":{"rendered":"<p>Our products The Z-Mike Lasermesstechnik GmbH, with a Europe-wide presence, stood for competence in precise, non-contact dimensional measurement of rotationally symmetrical workpieces for over 20 years. Serie 1200 The 1200 series represents the classic laser micrometer with the precision of a fine measuring room, suitable for the production area. With measuring ranges up to 50 [&hellip;]<\/p>\n","protected":false},"author":1,"featured_media":0,"parent":0,"menu_order":0,"comment_status":"closed","ping_status":"closed","template":"","meta":{"footnotes":""},"class_list":["post-452","page","type-page","status-publish","hentry"],"yoast_head":"<!-- This site is optimized with the Yoast SEO plugin v26.4 - https:\/\/yoast.com\/wordpress\/plugins\/seo\/ -->\n<title>Products | Z-Mike Laserme\u00dftechnik GmbH<\/title>\n<meta name=\"description\" content=\"Wir steht seit 20 Jahren f\u00fcr Kompetenz in der pr\u00e4zisen, ber\u00fchrungslosen Dimensionsmessung an rotationssymetrischen Werkst\u00fccken.\" \/>\n<meta name=\"robots\" content=\"index, follow, max-snippet:-1, max-image-preview:large, max-video-preview:-1\" \/>\n<link rel=\"canonical\" href=\"https:\/\/www.z-mike.de\/en\/products\/\" \/>\n<meta property=\"og:locale\" content=\"en_US\" \/>\n<meta property=\"og:type\" content=\"article\" \/>\n<meta property=\"og:title\" content=\"Products | Z-Mike Laserme\u00dftechnik GmbH\" \/>\n<meta property=\"og:description\" content=\"Wir steht seit 20 Jahren f\u00fcr Kompetenz in der pr\u00e4zisen, ber\u00fchrungslosen Dimensionsmessung an rotationssymetrischen Werkst\u00fccken.\" \/>\n<meta property=\"og:url\" content=\"https:\/\/www.z-mike.de\/en\/products\/\" \/>\n<meta property=\"og:site_name\" content=\"Z-Mike Laserme\u00dftechnik GmbH\" \/>\n<meta property=\"article:modified_time\" content=\"2020-12-03T07:33:15+00:00\" \/>\n<meta name=\"twitter:card\" content=\"summary_large_image\" \/>\n<meta name=\"twitter:label1\" content=\"Est. reading time\" \/>\n\t<meta name=\"twitter:data1\" content=\"1 minute\" \/>\n<script type=\"application\/ld+json\" class=\"yoast-schema-graph\">{\"@context\":\"https:\/\/schema.org\",\"@graph\":[{\"@type\":\"WebPage\",\"@id\":\"https:\/\/www.z-mike.de\/en\/products\/\",\"url\":\"https:\/\/www.z-mike.de\/en\/products\/\",\"name\":\"Products | Z-Mike Laserme\u00dftechnik GmbH\",\"isPartOf\":{\"@id\":\"https:\/\/www.z-mike.de\/#website\"},\"datePublished\":\"2020-11-26T13:11:06+00:00\",\"dateModified\":\"2020-12-03T07:33:15+00:00\",\"description\":\"Wir steht seit 20 Jahren f\u00fcr Kompetenz in der pr\u00e4zisen, ber\u00fchrungslosen Dimensionsmessung an rotationssymetrischen Werkst\u00fccken.\",\"breadcrumb\":{\"@id\":\"https:\/\/www.z-mike.de\/en\/products\/#breadcrumb\"},\"inLanguage\":\"en-US\",\"potentialAction\":[{\"@type\":\"ReadAction\",\"target\":[\"https:\/\/www.z-mike.de\/en\/products\/\"]}]},{\"@type\":\"BreadcrumbList\",\"@id\":\"https:\/\/www.z-mike.de\/en\/products\/#breadcrumb\",\"itemListElement\":[{\"@type\":\"ListItem\",\"position\":1,\"name\":\"Startseite\",\"item\":\"https:\/\/www.z-mike.de\/en\/home\/\"},{\"@type\":\"ListItem\",\"position\":2,\"name\":\"Products\"}]},{\"@type\":\"WebSite\",\"@id\":\"https:\/\/www.z-mike.de\/#website\",\"url\":\"https:\/\/www.z-mike.de\/\",\"name\":\"Z-Mike Laserme\u00dftechnik GmbH\",\"description\":\"\",\"publisher\":{\"@id\":\"https:\/\/www.z-mike.de\/#organization\"},\"potentialAction\":[{\"@type\":\"SearchAction\",\"target\":{\"@type\":\"EntryPoint\",\"urlTemplate\":\"https:\/\/www.z-mike.de\/?s={search_term_string}\"},\"query-input\":{\"@type\":\"PropertyValueSpecification\",\"valueRequired\":true,\"valueName\":\"search_term_string\"}}],\"inLanguage\":\"en-US\"},{\"@type\":\"Organization\",\"@id\":\"https:\/\/www.z-mike.de\/#organization\",\"name\":\"Z-Mike Laserme\u00dftechnik GmbH\",\"url\":\"https:\/\/www.z-mike.de\/\",\"logo\":{\"@type\":\"ImageObject\",\"inLanguage\":\"en-US\",\"@id\":\"https:\/\/www.z-mike.de\/#\/schema\/logo\/image\/\",\"url\":\"https:\/\/www.z-mike.de\/wp-content\/uploads\/2020\/04\/logo.svg\",\"contentUrl\":\"https:\/\/www.z-mike.de\/wp-content\/uploads\/2020\/04\/logo.svg\",\"width\":1,\"height\":1,\"caption\":\"Z-Mike Laserme\u00dftechnik GmbH\"},\"image\":{\"@id\":\"https:\/\/www.z-mike.de\/#\/schema\/logo\/image\/\"}}]}<\/script>\n<!-- \/ Yoast SEO plugin. -->","yoast_head_json":{"title":"Products | Z-Mike Laserme\u00dftechnik GmbH","description":"Wir steht seit 20 Jahren f\u00fcr Kompetenz in der pr\u00e4zisen, ber\u00fchrungslosen Dimensionsmessung an rotationssymetrischen Werkst\u00fccken.","robots":{"index":"index","follow":"follow","max-snippet":"max-snippet:-1","max-image-preview":"max-image-preview:large","max-video-preview":"max-video-preview:-1"},"canonical":"https:\/\/www.z-mike.de\/en\/products\/","og_locale":"en_US","og_type":"article","og_title":"Products | Z-Mike Laserme\u00dftechnik GmbH","og_description":"Wir steht seit 20 Jahren f\u00fcr Kompetenz in der pr\u00e4zisen, ber\u00fchrungslosen Dimensionsmessung an rotationssymetrischen Werkst\u00fccken.","og_url":"https:\/\/www.z-mike.de\/en\/products\/","og_site_name":"Z-Mike Laserme\u00dftechnik GmbH","article_modified_time":"2020-12-03T07:33:15+00:00","twitter_card":"summary_large_image","twitter_misc":{"Est. reading time":"1 minute"},"schema":{"@context":"https:\/\/schema.org","@graph":[{"@type":"WebPage","@id":"https:\/\/www.z-mike.de\/en\/products\/","url":"https:\/\/www.z-mike.de\/en\/products\/","name":"Products | Z-Mike Laserme\u00dftechnik GmbH","isPartOf":{"@id":"https:\/\/www.z-mike.de\/#website"},"datePublished":"2020-11-26T13:11:06+00:00","dateModified":"2020-12-03T07:33:15+00:00","description":"Wir steht seit 20 Jahren f\u00fcr Kompetenz in der pr\u00e4zisen, ber\u00fchrungslosen Dimensionsmessung an rotationssymetrischen Werkst\u00fccken.","breadcrumb":{"@id":"https:\/\/www.z-mike.de\/en\/products\/#breadcrumb"},"inLanguage":"en-US","potentialAction":[{"@type":"ReadAction","target":["https:\/\/www.z-mike.de\/en\/products\/"]}]},{"@type":"BreadcrumbList","@id":"https:\/\/www.z-mike.de\/en\/products\/#breadcrumb","itemListElement":[{"@type":"ListItem","position":1,"name":"Startseite","item":"https:\/\/www.z-mike.de\/en\/home\/"},{"@type":"ListItem","position":2,"name":"Products"}]},{"@type":"WebSite","@id":"https:\/\/www.z-mike.de\/#website","url":"https:\/\/www.z-mike.de\/","name":"Z-Mike Laserme\u00dftechnik GmbH","description":"","publisher":{"@id":"https:\/\/www.z-mike.de\/#organization"},"potentialAction":[{"@type":"SearchAction","target":{"@type":"EntryPoint","urlTemplate":"https:\/\/www.z-mike.de\/?s={search_term_string}"},"query-input":{"@type":"PropertyValueSpecification","valueRequired":true,"valueName":"search_term_string"}}],"inLanguage":"en-US"},{"@type":"Organization","@id":"https:\/\/www.z-mike.de\/#organization","name":"Z-Mike Laserme\u00dftechnik GmbH","url":"https:\/\/www.z-mike.de\/","logo":{"@type":"ImageObject","inLanguage":"en-US","@id":"https:\/\/www.z-mike.de\/#\/schema\/logo\/image\/","url":"https:\/\/www.z-mike.de\/wp-content\/uploads\/2020\/04\/logo.svg","contentUrl":"https:\/\/www.z-mike.de\/wp-content\/uploads\/2020\/04\/logo.svg","width":1,"height":1,"caption":"Z-Mike Laserme\u00dftechnik GmbH"},"image":{"@id":"https:\/\/www.z-mike.de\/#\/schema\/logo\/image\/"}}]}},"_links":{"self":[{"href":"https:\/\/www.z-mike.de\/en\/wp-json\/wp\/v2\/pages\/452","targetHints":{"allow":["GET"]}}],"collection":[{"href":"https:\/\/www.z-mike.de\/en\/wp-json\/wp\/v2\/pages"}],"about":[{"href":"https:\/\/www.z-mike.de\/en\/wp-json\/wp\/v2\/types\/page"}],"author":[{"embeddable":true,"href":"https:\/\/www.z-mike.de\/en\/wp-json\/wp\/v2\/users\/1"}],"replies":[{"embeddable":true,"href":"https:\/\/www.z-mike.de\/en\/wp-json\/wp\/v2\/comments?post=452"}],"version-history":[{"count":13,"href":"https:\/\/www.z-mike.de\/en\/wp-json\/wp\/v2\/pages\/452\/revisions"}],"predecessor-version":[{"id":716,"href":"https:\/\/www.z-mike.de\/en\/wp-json\/wp\/v2\/pages\/452\/revisions\/716"}],"wp:attachment":[{"href":"https:\/\/www.z-mike.de\/en\/wp-json\/wp\/v2\/media?parent=452"}],"curies":[{"name":"wp","href":"https:\/\/api.w.org\/{rel}","templated":true}]}}